{"id":18961,"date":"2025-03-17T12:26:26","date_gmt":"2025-03-17T12:26:26","guid":{"rendered":"https:\/\/primariachitila.ro\/new\/?page_id=18961"},"modified":"2025-11-18T06:50:54","modified_gmt":"2025-11-18T06:50:54","slug":"organizare","status":"publish","type":"page","link":"https:\/\/primariachitila.ro\/new\/organizare\/","title":{"rendered":"ORGANIZARE"},"content":{"rendered":"\t\t<div data-elementor-type=\"wp-page\" data-elementor-id=\"18961\" class=\"elementor elementor-18961\">\n\t\t\t\t<div class=\"elementor-element elementor-element-7c0bebc e-grid e-con-boxed e-con e-parent\" data-id=\"7c0bebc\" data-element_type=\"container\" data-e-type=\"container\">\n\t\t\t\t\t<div class=\"e-con-inner\">\n\t\t<a class=\"elementor-element elementor-element-2036064 e-con-full e-flex e-con e-child\" data-id=\"2036064\" data-element_type=\"container\" data-e-type=\"container\" href=\"https:\/\/primariachitila.ro\/new\/organigrama\/\">\n\t\t\t\t<div class=\"elementor-element elementor-element-682c046 elementor-widget elementor-widget-image\" data-id=\"682c046\" data-element_type=\"widget\" data-e-type=\"widget\" data-widget_type=\"image.default\">\n\t\t\t\t<div class=\"elementor-widget-container\">\n\t\t\t\t\t\t\t\t\t\t\t\t\t\t\t<img decoding=\"async\" width=\"150\" height=\"150\" src=\"https:\/\/primariachitila.ro\/new\/wp-content\/uploads\/2025\/03\/Organigrama-150x150.jpeg\" class=\"attachment-thumbnail size-thumbnail wp-image-19531\" alt=\"\" \/>\t\t\t\t\t\t\t\t\t\t\t\t\t\t\t<\/div>\n\t\t\t\t<\/div>\n\t\t\t\t<div class=\"elementor-element elementor-element-2adda8c elementor-widget elementor-widget-heading\" data-id=\"2adda8c\" data-element_type=\"widget\" data-e-type=\"widget\" data-widget_type=\"heading.default\">\n\t\t\t\t<div class=\"elementor-widget-container\">\n\t\t\t\t\t<h2 class=\"elementor-heading-title elementor-size-default\">\nOrganigram\u0103\n\n<\/h2>\t\t\t\t<\/div>\n\t\t\t\t<\/div>\n\t\t\t\t<div class=\"elementor-element elementor-element-8502678 elementor-widget-divider--view-line elementor-widget elementor-widget-divider\" data-id=\"8502678\" data-element_type=\"widget\" data-e-type=\"widget\" data-widget_type=\"divider.default\">\n\t\t\t\t<div class=\"elementor-widget-container\">\n\t\t\t\t\t\t\t<div class=\"elementor-divider\">\n\t\t\t<span class=\"elementor-divider-separator\">\n\t\t\t\t\t\t<\/span>\n\t\t<\/div>\n\t\t\t\t\t\t<\/div>\n\t\t\t\t<\/div>\n\t\t\t\t<div class=\"elementor-element elementor-element-5a3011e elementor-widget elementor-widget-heading\" data-id=\"5a3011e\" data-element_type=\"widget\" data-e-type=\"widget\" data-widget_type=\"heading.default\">\n\t\t\t\t<div class=\"elementor-widget-container\">\n\t\t\t\t\t<h5 class=\"elementor-heading-title elementor-size-default\">Poza organigrama\nOrganigram\u0103\n\nOrganigrama este o redare schematic\u0103 (grafic\u0103) a organiz\u0103rii, a subordon\u0103rii \u0219i a leg\u0103turilor dintre compartimentele din cadrul institu\u021biei.\n\n<\/h5>\t\t\t\t<\/div>\n\t\t\t\t<\/div>\n\t\t\t\t<\/a>\n\t\t<a class=\"elementor-element elementor-element-b459d26 e-con-full e-flex e-con e-child\" data-id=\"b459d26\" data-element_type=\"container\" data-e-type=\"container\" href=\"https:\/\/primariachitila.ro\/new\/rof-roi\/\">\n\t\t\t\t<div class=\"elementor-element elementor-element-e42f571 elementor-widget elementor-widget-image\" data-id=\"e42f571\" data-element_type=\"widget\" data-e-type=\"widget\" data-widget_type=\"image.default\">\n\t\t\t\t<div class=\"elementor-widget-container\">\n\t\t\t\t\t\t\t\t\t\t\t\t\t\t\t<img decoding=\"async\" width=\"150\" height=\"150\" src=\"https:\/\/primariachitila.ro\/new\/wp-content\/uploads\/2025\/03\/ROF-150x150.jpeg\" class=\"attachment-thumbnail size-thumbnail wp-image-19530\" alt=\"\" \/>\t\t\t\t\t\t\t\t\t\t\t\t\t\t\t<\/div>\n\t\t\t\t<\/div>\n\t\t\t\t<div class=\"elementor-element elementor-element-ba12a9d elementor-widget elementor-widget-heading\" data-id=\"ba12a9d\" data-element_type=\"widget\" data-e-type=\"widget\" data-widget_type=\"heading.default\">\n\t\t\t\t<div class=\"elementor-widget-container\">\n\t\t\t\t\t<h2 class=\"elementor-heading-title elementor-size-default\">ROF<\/h2>\t\t\t\t<\/div>\n\t\t\t\t<\/div>\n\t\t\t\t<div class=\"elementor-element elementor-element-5cf8cc0 elementor-widget-divider--view-line elementor-widget elementor-widget-divider\" data-id=\"5cf8cc0\" data-element_type=\"widget\" data-e-type=\"widget\" data-widget_type=\"divider.default\">\n\t\t\t\t<div class=\"elementor-widget-container\">\n\t\t\t\t\t\t\t<div class=\"elementor-divider\">\n\t\t\t<span class=\"elementor-divider-separator\">\n\t\t\t\t\t\t<\/span>\n\t\t<\/div>\n\t\t\t\t\t\t<\/div>\n\t\t\t\t<\/div>\n\t\t\t\t<div class=\"elementor-element elementor-element-be137ab elementor-widget elementor-widget-heading\" data-id=\"be137ab\" data-element_type=\"widget\" data-e-type=\"widget\" data-widget_type=\"heading.default\">\n\t\t\t\t<div class=\"elementor-widget-container\">\n\t\t\t\t\t<h5 class=\"elementor-heading-title elementor-size-default\">\nROF = (Regulament de organizare \u0219i func\u021bionare) instrument de organizare folosit pentru descrierea detaliat\u0103 a structurii organizatorice a unui sistem economico-social, \u00een vederea cunoa\u0219terii si analizei sale aprofundate.\n\n\n<\/h5>\t\t\t\t<\/div>\n\t\t\t\t<\/div>\n\t\t\t\t<\/a>\n\t\t<a class=\"elementor-element elementor-element-ed0c49a e-con-full e-flex e-con e-child\" data-id=\"ed0c49a\" data-element_type=\"container\" data-e-type=\"container\" href=\"https:\/\/primariachitila.ro\/new\/codul-de-etica\/\">\n\t\t\t\t<div class=\"elementor-element elementor-element-d4156ab elementor-widget elementor-widget-heading\" data-id=\"d4156ab\" data-element_type=\"widget\" data-e-type=\"widget\" data-widget_type=\"heading.default\">\n\t\t\t\t<div class=\"elementor-widget-container\">\n\t\t\t\t\t<h2 class=\"elementor-heading-title elementor-size-default\">Codul de etic\u0103<\/h2>\t\t\t\t<\/div>\n\t\t\t\t<\/div>\n\t\t\t\t<div class=\"elementor-element elementor-element-fd23409 elementor-widget-divider--view-line elementor-widget elementor-widget-divider\" data-id=\"fd23409\" data-element_type=\"widget\" data-e-type=\"widget\" data-widget_type=\"divider.default\">\n\t\t\t\t<div class=\"elementor-widget-container\">\n\t\t\t\t\t\t\t<div class=\"elementor-divider\">\n\t\t\t<span class=\"elementor-divider-separator\">\n\t\t\t\t\t\t<\/span>\n\t\t<\/div>\n\t\t\t\t\t\t<\/div>\n\t\t\t\t<\/div>\n\t\t\t\t<\/a>\n\t\t\t\t\t<\/div>\n\t\t\t\t<\/div>\n\t\t\t\t<\/div>\n\t\t","protected":false},"excerpt":{"rendered":"<p>Organigram\u0103 Poza organigrama Organigram\u0103 Organigrama este o redare schematic\u0103 (grafic\u0103) a organiz\u0103rii, a subordon\u0103rii \u0219i a leg\u0103turilor dintre compartimentele din cadrul institu\u021biei. ROF ROF = (Regulament de organizare \u0219i func\u021bionare) instrument de organizare folosit pentru descrierea detaliat\u0103 a structurii organizatorice a unui sistem economico-social, \u00een vederea cunoa\u0219terii si analizei sale aprofundate. Codul de etic\u0103<\/p>\n","protected":false},"author":6,"featured_media":0,"parent":0,"menu_order":0,"comment_status":"closed","ping_status":"closed","template":"","meta":{"footnotes":""},"class_list":["post-18961","page","type-page","status-publish","hentry"],"_links":{"self":[{"href":"https:\/\/primariachitila.ro\/new\/wp-json\/wp\/v2\/pages\/18961","targetHints":{"allow":["GET"]}}],"collection":[{"href":"https:\/\/primariachitila.ro\/new\/wp-json\/wp\/v2\/pages"}],"about":[{"href":"https:\/\/primariachitila.ro\/new\/wp-json\/wp\/v2\/types\/page"}],"author":[{"embeddable":true,"href":"https:\/\/primariachitila.ro\/new\/wp-json\/wp\/v2\/users\/6"}],"replies":[{"embeddable":true,"href":"https:\/\/primariachitila.ro\/new\/wp-json\/wp\/v2\/comments?post=18961"}],"version-history":[{"count":10,"href":"https:\/\/primariachitila.ro\/new\/wp-json\/wp\/v2\/pages\/18961\/revisions"}],"predecessor-version":[{"id":30733,"href":"https:\/\/primariachitila.ro\/new\/wp-json\/wp\/v2\/pages\/18961\/revisions\/30733"}],"wp:attachment":[{"href":"https:\/\/primariachitila.ro\/new\/wp-json\/wp\/v2\/media?parent=18961"}],"curies":[{"name":"wp","href":"https:\/\/api.w.org\/{rel}","templated":true}]}}