{"id":18985,"date":"2025-03-17T12:32:14","date_gmt":"2025-03-17T12:32:14","guid":{"rendered":"https:\/\/primariachitila.ro\/new\/?page_id=18985"},"modified":"2025-03-18T09:56:30","modified_gmt":"2025-03-18T09:56:30","slug":"strategia-de-dezvoltare","status":"publish","type":"page","link":"https:\/\/primariachitila.ro\/new\/strategia-de-dezvoltare\/","title":{"rendered":"STRATEGIA DE DEZVOLTARE"},"content":{"rendered":"\t\t<div data-elementor-type=\"wp-page\" data-elementor-id=\"18985\" class=\"elementor elementor-18985\">\n\t\t\t\t<div class=\"elementor-element elementor-element-a2987cc e-flex e-con-boxed e-con e-parent\" data-id=\"a2987cc\" data-element_type=\"container\" data-e-type=\"container\">\n\t\t\t\t\t<div class=\"e-con-inner\">\n\t\t\t\t<div class=\"elementor-element elementor-element-43b94b7 elementor-widget elementor-widget-text-editor\" data-id=\"43b94b7\" data-element_type=\"widget\" data-e-type=\"widget\" data-widget_type=\"text-editor.default\">\n\t\t\t\t<div class=\"elementor-widget-container\">\n\t\t\t\t\t\t\t\t\t<p>Strategia privind dezvoltare local\u0103 a Ora\u0219ului Chitila s-a realizat la propunerea autorit\u0103\u0163ilor locale executive, \u00een contextul \u00een care vechea strategie \u0219i-a epuizat perioada de aplicare.<\/p><p>Noua strategie permite administra\u0163iei publice \u015fi celorlal\u0163i actori locali (cet\u0103\u0163eni, societ\u0103\u0163i comerciale etc.) s\u0103 \u00ee\u015fi planifice ac\u0163iunile, dezvoltarea \u015fi afacerile, astfel \u00eenc\u00e2t s\u0103 r\u0103spund\u0103 nevoilor locale \u015fi s\u0103 valorifice oportunit\u0103\u0163ile locale de dezvoltare. Aceast\u0103 nou\u0103 strategie permite corelarea eforturilor de investi\u0163ie astfel \u00eenc\u00e2t rezultatele ac\u0163iunilor individuale s\u0103 fie maximizate prin punerea \u00een comun a resurselor \u015fi cuno\u015ftin\u0163elor \u0219i eliminarea interven\u0163iilor redundante.<\/p><p>Pentru a asigura eficien\u0163a eforturilor de elaborare a strategiei, s-a optat pentru o metodologie testat\u0103 anterior, \u00een cazuri similare, ce a inclus elemente de implicare direct\u0103 a comunit\u0103\u0163ii, prin solicitarea de puncte de vedere, chestionare, interviuri, pornind de la ipoteza c\u0103 cet\u0103\u0163enii \u015fi reprezentan\u0163ii administra\u0163iei publice locale au interesul \u015fi cuno\u015ftin\u0163ele necesare pentru a identifica diversele interese locale.<\/p><p>Din punct de vedere metodologic, strategia a fost elaborat\u0103 cu ajutorul urm\u0103toarele instrumente \u015fi proceduri de lucru:<\/p><ul><li>analiza\u00a0de date statistice din surse organizate \u2013 au fost culese date pentru 500 de indicatori locali organiza\u0163i pe \u015fapte domenii majore;<\/li><li>compara\u0163ii de date statistice pe scar\u0103 evolutiv\u0103 \u2013 datele culese au fost analizate, interpretate evolutiv pentru a sesiza trenduri locale;<\/li><li>interviuri cu actorii locali ai dezvolt\u0103rii \u015fi cercetare sociologic\u0103 \u2013 autorit\u0103\u0163i locale, executiv \u015fi deliberativ, cet\u0103\u0163eni, aparatul de specialitate al primarului;<\/li><li>analiza SWOT;<\/li><li>analiza\u00a0\u015fi interpretarea unor studii, rapoarte, cercet\u0103ri, strategii \u015fi norme locale, jude\u0163ene, regionale, na\u0163ionale \u015fi europene.<\/li><\/ul>\t\t\t\t\t\t\t\t<\/div>\n\t\t\t\t<\/div>\n\t\t\t\t\t<\/div>\n\t\t\t\t<\/div>\n\t\t\t\t<\/div>\n\t\t","protected":false},"excerpt":{"rendered":"<p>Strategia privind dezvoltare local\u0103 a Ora\u0219ului Chitila s-a realizat la propunerea autorit\u0103\u0163ilor locale executive, \u00een contextul \u00een care vechea strategie \u0219i-a epuizat perioada de aplicare. Noua strategie permite administra\u0163iei publice \u015fi celorlal\u0163i actori locali (cet\u0103\u0163eni, societ\u0103\u0163i comerciale etc.) s\u0103 \u00ee\u015fi planifice ac\u0163iunile, dezvoltarea \u015fi afacerile, astfel \u00eenc\u00e2t s\u0103 r\u0103spund\u0103 nevoilor locale \u015fi s\u0103 valorifice oportunit\u0103\u0163ile [&hellip;]<\/p>\n","protected":false},"author":6,"featured_media":0,"parent":0,"menu_order":0,"comment_status":"closed","ping_status":"closed","template":"","meta":{"footnotes":""},"class_list":["post-18985","page","type-page","status-publish","hentry"],"_links":{"self":[{"href":"https:\/\/primariachitila.ro\/new\/wp-json\/wp\/v2\/pages\/18985","targetHints":{"allow":["GET"]}}],"collection":[{"href":"https:\/\/primariachitila.ro\/new\/wp-json\/wp\/v2\/pages"}],"about":[{"href":"https:\/\/primariachitila.ro\/new\/wp-json\/wp\/v2\/types\/page"}],"author":[{"embeddable":true,"href":"https:\/\/primariachitila.ro\/new\/wp-json\/wp\/v2\/users\/6"}],"replies":[{"embeddable":true,"href":"https:\/\/primariachitila.ro\/new\/wp-json\/wp\/v2\/comments?post=18985"}],"version-history":[{"count":4,"href":"https:\/\/primariachitila.ro\/new\/wp-json\/wp\/v2\/pages\/18985\/revisions"}],"predecessor-version":[{"id":19304,"href":"https:\/\/primariachitila.ro\/new\/wp-json\/wp\/v2\/pages\/18985\/revisions\/19304"}],"wp:attachment":[{"href":"https:\/\/primariachitila.ro\/new\/wp-json\/wp\/v2\/media?parent=18985"}],"curies":[{"name":"wp","href":"https:\/\/api.w.org\/{rel}","templated":true}]}}