{"id":18987,"date":"2025-03-17T12:32:29","date_gmt":"2025-03-17T12:32:29","guid":{"rendered":"https:\/\/primariachitila.ro\/new\/?page_id=18987"},"modified":"2025-12-05T14:34:08","modified_gmt":"2025-12-05T14:34:08","slug":"sidu","status":"publish","type":"page","link":"https:\/\/primariachitila.ro\/new\/sidu\/","title":{"rendered":"SIDU"},"content":{"rendered":"\t\t<div data-elementor-type=\"wp-page\" data-elementor-id=\"18987\" class=\"elementor elementor-18987\">\n\t\t\t\t<div class=\"elementor-element elementor-element-4ffea1b e-flex e-con-boxed e-con e-parent\" data-id=\"4ffea1b\" data-element_type=\"container\" data-e-type=\"container\">\n\t\t\t\t\t<div class=\"e-con-inner\">\n\t\t\t\t<div class=\"elementor-element elementor-element-5933566 elementor-widget elementor-widget-text-editor\" data-id=\"5933566\" data-element_type=\"widget\" data-e-type=\"widget\" data-widget_type=\"text-editor.default\">\n\t\t\t\t<div class=\"elementor-widget-container\">\n\t\t\t\t\t\t\t\t\t<p>STRATEGIA INTEGRAT\u0102 DE DEZVOLTARE URBAN\u0102 a Ora\u0219ului Chitila 2023 &#8211; 2030<\/p><p>\u00a0<\/p><p><i>Strategia Integrat\u0103 de Dezvoltare Urban\u0103 (SIDU) reprezint\u0103 un instrument de planificare prin care se asigur\u0103 posibilitatea stabilirii unor politici locale pe termen mediu \u0219i lung, managementul \u0219i controlul activit\u0103\u021bilor curente \u0219i de perspectiv\u0103, definirea unor proiecte prioritare \u0219i modalitatea de implementare a acestora.<\/i><\/p><p>Strategia Integrat\u0103 de Dezvoltare Urban\u0103 (SIDU) stabile\u0219te viziunea \u0219i obiectivele strategice pentru un orizont de timp mediu \u0219i lung determin\u00e2nd direc\u021bii de ac\u021biune clare \u0219i stabilind un portofoliu de proiecte alocate exerci\u021biului financiar multianual.<\/p><p><span lang=\"EN-US\" xml:lang=\"EN-US\">SIDU este fundamentul de baz\u0103 pentru stabilirea direc\u021biilor de dezvoltare a ora\u0219ului \u0219i\u00a0 presupune o abordare de jos \u00een sus bazat\u0103 pe nevoile identificate, pe resursele \u0219i interac\u021biunea \u00eentre factorii locali.\u00a0<i>Atractivitatea mediului urban este dat\u0103 de trei beneficii \u0219i anume: proximitatea fizic\u0103, resursele comune \u0219i identit\u0103\u021bile comune<\/i>.<\/span><\/p><p><i>Strategia Integrat\u0103 de Dezvoltare Urban\u0103 a Ora\u0219ului Chitila\u00a0<\/i>are \u00een vedere valorificarea poten\u0163ialului local, zonal \u0219i a oportunit\u0103\u0163ilor pentru dezvoltare prin men\u0163inerea \u015fi \u00eembun\u0103t\u0103\u0163irea elementelor de ordin economic, social \u015fi de mediu, esen\u0163iale pentru prosperitatea pe termen lung a cet\u0103\u0163enilor \u015fi a agen\u021bilor economici. Strategia a fost construit\u0103 pornind de la elementele specifice Ora\u0219ului Chitila: datele economice, demografice, de infrastructur\u0103, mediu, amenajarea teritoriului, distribu\u0163ia serviciilor etc., precum \u015fi de la o evaluare riguroas\u0103 a modului \u00een care comunitatea local\u0103 dore\u015fte s\u0103 evolueze. Unul dintre cele mai importante\u00a0 obiective este\u00a0<b><i><span lang=\"EN-US\" xml:lang=\"EN-US\">Chitila, Ora\u0219 Verde.<\/span><\/i><\/b><\/p><p><i><span lang=\"EN-US\" xml:lang=\"EN-US\">Scopul Strategiei Integrate de Dezvoltare Urban\u0103 a Ora\u0219ului Chitila este de a crea un cadru de dezvoltare strategic\u0103 a ora\u0219ului prin identificarea direc\u021biilor de dezvoltare, a obiectivelor pentru care trebuie a fi alocate resurse \u00een vederea realiz\u0103rii progresului comunit\u0103\u021bii urbane \u0219i formularea ac\u021biunilor necesare \u00eendeplinirii obiectivelor fundamentate pe date concrete<\/span><\/i><span lang=\"EN-US\" xml:lang=\"EN-US\">.<\/span><\/p>\t\t\t\t\t\t\t\t<\/div>\n\t\t\t\t<\/div>\n\t\t\t\t\t<\/div>\n\t\t\t\t<\/div>\n\t\t<div class=\"elementor-element elementor-element-902da05 e-flex e-con-boxed e-con e-parent\" data-id=\"902da05\" data-element_type=\"container\" data-e-type=\"container\">\n\t\t\t\t\t<div class=\"e-con-inner\">\n\t\t\t\t<div class=\"elementor-element elementor-element-a8e58e0 elementor-align-left elementor-widget elementor-widget-button\" data-id=\"a8e58e0\" data-element_type=\"widget\" data-e-type=\"widget\" data-widget_type=\"button.default\">\n\t\t\t\t<div class=\"elementor-widget-container\">\n\t\t\t\t\t\t\t\t\t<div class=\"elementor-button-wrapper\">\n\t\t\t\t\t<a class=\"elementor-button elementor-button-link elementor-size-sm\" href=\"https:\/\/primariachitila.ro\/new\/document\/anexa-2-plan-actiune-chitila\/\">\n\t\t\t\t\t\t<span class=\"elementor-button-content-wrapper\">\n\t\t\t\t\t\t\t\t\t<span class=\"elementor-button-text\">Planul de ac\u021biuni 2023-2030<\/span>\n\t\t\t\t\t<\/span>\n\t\t\t\t\t<\/a>\n\t\t\t\t<\/div>\n\t\t\t\t\t\t\t\t<\/div>\n\t\t\t\t<\/div>\n\t\t\t\t\t<\/div>\n\t\t\t\t<\/div>\n\t\t\t\t<\/div>\n\t\t","protected":false},"excerpt":{"rendered":"<p>STRATEGIA INTEGRAT\u0102 DE DEZVOLTARE URBAN\u0102 a Ora\u0219ului Chitila 2023 &#8211; 2030 \u00a0 Strategia Integrat\u0103 de Dezvoltare Urban\u0103 (SIDU) reprezint\u0103 un instrument de planificare prin care se asigur\u0103 posibilitatea stabilirii unor politici locale pe termen mediu \u0219i lung, managementul \u0219i controlul activit\u0103\u021bilor curente \u0219i de perspectiv\u0103, definirea unor proiecte prioritare \u0219i modalitatea de implementare a acestora. [&hellip;]<\/p>\n","protected":false},"author":6,"featured_media":0,"parent":0,"menu_order":0,"comment_status":"closed","ping_status":"closed","template":"","meta":{"footnotes":""},"class_list":["post-18987","page","type-page","status-publish","hentry"],"_links":{"self":[{"href":"https:\/\/primariachitila.ro\/new\/wp-json\/wp\/v2\/pages\/18987","targetHints":{"allow":["GET"]}}],"collection":[{"href":"https:\/\/primariachitila.ro\/new\/wp-json\/wp\/v2\/pages"}],"about":[{"href":"https:\/\/primariachitila.ro\/new\/wp-json\/wp\/v2\/types\/page"}],"author":[{"embeddable":true,"href":"https:\/\/primariachitila.ro\/new\/wp-json\/wp\/v2\/users\/6"}],"replies":[{"embeddable":true,"href":"https:\/\/primariachitila.ro\/new\/wp-json\/wp\/v2\/comments?post=18987"}],"version-history":[{"count":8,"href":"https:\/\/primariachitila.ro\/new\/wp-json\/wp\/v2\/pages\/18987\/revisions"}],"predecessor-version":[{"id":36616,"href":"https:\/\/primariachitila.ro\/new\/wp-json\/wp\/v2\/pages\/18987\/revisions\/36616"}],"wp:attachment":[{"href":"https:\/\/primariachitila.ro\/new\/wp-json\/wp\/v2\/media?parent=18987"}],"curies":[{"name":"wp","href":"https:\/\/api.w.org\/{rel}","templated":true}]}}