{"id":19002,"date":"2025-03-17T12:34:33","date_gmt":"2025-03-17T12:34:33","guid":{"rendered":"https:\/\/primariachitila.ro\/new\/?page_id=19002"},"modified":"2025-10-16T09:17:06","modified_gmt":"2025-10-16T09:17:06","slug":"centru-medical","status":"publish","type":"page","link":"https:\/\/primariachitila.ro\/new\/centru-medical\/","title":{"rendered":"CENTRU MEDICAL"},"content":{"rendered":"\t\t<div data-elementor-type=\"wp-page\" data-elementor-id=\"19002\" class=\"elementor elementor-19002\">\n\t\t\t\t<div class=\"elementor-element elementor-element-a8bfe28 e-flex e-con-boxed e-con e-parent\" data-id=\"a8bfe28\" data-element_type=\"container\" data-e-type=\"container\">\n\t\t\t\t\t<div class=\"e-con-inner\">\n\t\t\t\t<div class=\"elementor-element elementor-element-1102a77 elementor-widget elementor-widget-text-editor\" data-id=\"1102a77\" data-element_type=\"widget\" data-e-type=\"widget\" data-widget_type=\"text-editor.default\">\n\t\t\t\t<div class=\"elementor-widget-container\">\n\t\t\t\t\t\t\t\t\t<div class=\"row\"><div class=\"col-md-6\"><div class=\"field-imagine\"><img fetchpriority=\"high\" decoding=\"async\" src=\"https:\/\/primariachitila.ro\/echitila\/sites\/default\/files\/2021-09\/Centru%20medical%20proiect.jpg\" alt=\"Poza centru medical\" width=\"4000\" height=\"2399\" \/><\/div><\/div><\/div><div><p>Comunicat de pres\u0103 &#8211; Inaugurarea Ambulatoriu Chitila<\/p><p>Ambulatoriul de Specialitate SUUB- Chitila func\u0163ioneaz\u0103 \u00een baza unui protocol semnat \u00eentre primarul ora\u015fului, Emilian Oprea \u015fi managerul S.U.U.B., Prof. Univ. Dr. C\u0103t\u0103lin C\u00eerstoiu. Personalul medical \u015fi managementul noii unit\u0103\u0163i sanitare vor fi asigurate de c\u0103tre Spitalul Universitar de Urgen\u0163\u0103 Bucure\u015fti.<\/p><p>Investi\u0163ia total\u0103 \u00een infrastructura acestui centru medical se ridic\u0103 la aproximativ 14.000.000 lei, din care 11.600.000 lei provin din bugetul local al Prim\u0103riei Chitila, diferen\u0163a fiind asigurat\u0103 de Consiliul Jude\u0163ean Ilfov.<\/p><p>Situat \u00een \u015eoseaua Banatului nr. 2, Ambulatoriul este amplasat \u00eentr-o cl\u0103dire complet reabilitat\u0103 \u015fi extins\u0103, cu o suprafa\u0163\u0103 desf\u0103\u015furat\u0103 de 1.458 mp, distribuit\u0103 pe dou\u0103 niveluri (P+1E).<\/p><p>Dotarea cu echipamente medicale \u015fi mobilier, care s-a ridicat la 15.600.000 lei, a fost realizat\u0103 prin programul PNRR\/2022\/C12\/MS\/I1.3 \u2013 I1.3 Unit\u0103\u0163i de asisten\u0163\u0103 medical\u0103 ambulatorie. Prim\u0103ria Chitila a urm\u0103rit achizi\u0163ionarea unor echipamente de \u00eenalt\u0103 performan\u0163\u0103, esen\u0163iale pentru furnizarea unor servicii medicale de top.<\/p><p>Printre echipamentele instalate \u00een Centru se num\u0103r\u0103: ecografe, aparate de monitorizare EKG, colonoscop video HD, echipamente de audiometrie, electrocardiografe, electroencefalografe, electromiografe, electrocautere, gastroscop video HD, ma\u015fini de reprocesare a aparaturii optice, monitoare pentru func\u0163ii vitale, seturi de retinoscopie direct\u0103, sisteme de colposcopie, sisteme endoscopice ORL HD cu tehnologie NBI (imagistic\u0103 cu spectru \u00eengust), laringoscoape video, sisteme de cauterizare bipolar\u0103 \u015fi cu radiofrecven\u0163\u0103 pentru ORL, ureteroscoape, ventilatoare portabile \u015fi unit\u0103\u0163i ORL. Toate aceste dot\u0103ri contribuie la crearea unui mediu modern \u015fi prietenos pentru pacien\u0163i, asigur\u00e2nd astfel accesul la servicii medicale de cea mai \u00eenalt\u0103 calitate.<\/p><p>Locuitorii ora\u015fului, principalii beneficiari ai serviciilor medicale prestate \u00een cadrul unit\u0103\u0163ii medicale nou \u00eenfiin\u0163ate, vor avea acces facil la diagnostic \u015fi tratament mai rapid \u015fi mai precis datorit\u0103 aparatelor medicale moderne \u015fi performante.<\/p><p>\u201eEste primul proiect de acest gen al Spitalului Universitar de Urgen\u0163\u0103 Bucure\u015fti \u00een Ilfov. \u00cen acest Ambulatoriu vor oferi consulta\u0163ii medici din cadrul SUUB din specialit\u0103\u0163i precum: neurologie, hematologie, chirurgie general\u0103, medici de medicin\u0103 intern\u0103, gastroenterologi, diabetologi \u015fi vor fi mai mul\u0163i medici din diverse specialit\u0103\u0163i medicale. \u00cengrijirea pacien\u0163ilor r\u0103m\u00e2ne o prioritate absolut\u0103. Ne str\u0103duim constant s\u0103 oferim servicii medicale de cea mai \u00eenalt\u0103 calitate, iar consulta\u0163iile din ambulatoriu sunt esen\u0163iale \u00een acest demers. Pacien\u0163ii vor putea veni \u015fi la Spitalul Universitar, exist\u00e2nd o bun\u0103 colaborare \u00eentre medicii no\u015ftri. Este foarte important pentru noi ca to\u0163i pacien\u0163ii s\u0103 beneficieze de \u00eengrijiri medicale de specialitate \u00een cele mai bune condi\u0163ii \u015fi la cele mai \u00eenalte standarde de profesionalism\u201d, a declarat Prof. Univ. Dr. C\u0103t\u0103lin C\u00eerstoiu, managerul S.U.U.B.<\/p><p>Ambulatoriul din Chitila va permite \u00een timp furnizarea de servicii \u00een mai multe specialit\u0103\u0163i medicale, dintre care: ortopedie, obstetric\u0103-ginecologie, gastroentrologie, medicin\u0103 intern\u0103, neurologie, diabet \u015fi boli de nutri\u0163ie, ecografie general\u0103, endocrinologie, medicin\u0103 de familie, oncologie, hematologie \u015fi chirurgie general\u0103.<\/p><\/div>\t\t\t\t\t\t\t\t<\/div>\n\t\t\t\t<\/div>\n\t\t\t\t\t<\/div>\n\t\t\t\t<\/div>\n\t\t\t\t<\/div>\n\t\t","protected":false},"excerpt":{"rendered":"<p>Comunicat de pres\u0103 &#8211; Inaugurarea Ambulatoriu Chitila Ambulatoriul de Specialitate SUUB- Chitila func\u0163ioneaz\u0103 \u00een baza unui protocol semnat \u00eentre primarul ora\u015fului, Emilian Oprea \u015fi managerul S.U.U.B., Prof. Univ. Dr. C\u0103t\u0103lin C\u00eerstoiu. Personalul medical \u015fi managementul noii unit\u0103\u0163i sanitare vor fi asigurate de c\u0103tre Spitalul Universitar de Urgen\u0163\u0103 Bucure\u015fti. Investi\u0163ia total\u0103 \u00een infrastructura acestui centru medical [&hellip;]<\/p>\n","protected":false},"author":6,"featured_media":0,"parent":0,"menu_order":0,"comment_status":"closed","ping_status":"closed","template":"","meta":{"footnotes":""},"class_list":["post-19002","page","type-page","status-publish","hentry"],"_links":{"self":[{"href":"https:\/\/primariachitila.ro\/new\/wp-json\/wp\/v2\/pages\/19002","targetHints":{"allow":["GET"]}}],"collection":[{"href":"https:\/\/primariachitila.ro\/new\/wp-json\/wp\/v2\/pages"}],"about":[{"href":"https:\/\/primariachitila.ro\/new\/wp-json\/wp\/v2\/types\/page"}],"author":[{"embeddable":true,"href":"https:\/\/primariachitila.ro\/new\/wp-json\/wp\/v2\/users\/6"}],"replies":[{"embeddable":true,"href":"https:\/\/primariachitila.ro\/new\/wp-json\/wp\/v2\/comments?post=19002"}],"version-history":[{"count":4,"href":"https:\/\/primariachitila.ro\/new\/wp-json\/wp\/v2\/pages\/19002\/revisions"}],"predecessor-version":[{"id":22305,"href":"https:\/\/primariachitila.ro\/new\/wp-json\/wp\/v2\/pages\/19002\/revisions\/22305"}],"wp:attachment":[{"href":"https:\/\/primariachitila.ro\/new\/wp-json\/wp\/v2\/media?parent=19002"}],"curies":[{"name":"wp","href":"https:\/\/api.w.org\/{rel}","templated":true}]}}