{"id":19025,"date":"2025-03-17T12:37:12","date_gmt":"2025-03-17T12:37:12","guid":{"rendered":"https:\/\/primariachitila.ro\/new\/?page_id=19025"},"modified":"2025-10-16T09:08:38","modified_gmt":"2025-10-16T09:08:38","slug":"mersul-trenurilor","status":"publish","type":"page","link":"https:\/\/primariachitila.ro\/new\/mersul-trenurilor\/","title":{"rendered":"MERSUL TRENURILOR"},"content":{"rendered":"\t\t<div data-elementor-type=\"wp-page\" data-elementor-id=\"19025\" class=\"elementor elementor-19025\">\n\t\t\t\t<div class=\"elementor-element elementor-element-aa2bd93 e-flex e-con-boxed e-con e-parent\" data-id=\"aa2bd93\" data-element_type=\"container\" data-e-type=\"container\">\n\t\t\t\t\t<div class=\"e-con-inner\">\n\t\t\t\t<div class=\"elementor-element elementor-element-fc61d99 elementor-widget elementor-widget-text-editor\" data-id=\"fc61d99\" data-element_type=\"widget\" data-e-type=\"widget\" data-widget_type=\"text-editor.default\">\n\t\t\t\t<div class=\"elementor-widget-container\">\n\t\t\t\t\t\t\t\t\t<h1>Mersul trenurilor &#8211; Plec\u0103ri<\/h1><table class=\"table-mersul-trenurilor\"><tbody><tr><th colspan=\"2\">Chitila<\/th><th colspan=\"3\">Bucuresti<\/th><\/tr><tr><th>Nr. Tren<\/th><th>Plec\u0103ri<\/th><th colspan=\"2\">Sosiri<\/th><th>Opriri<\/th><\/tr><tr><td>9102<\/td><td>5.25<\/td><td>N<\/td><td>5.38<\/td><td>T<\/td><\/tr><tr><td>5022<\/td><td>5.30<\/td><td>N<\/td><td>5.46<\/td><td>DTCH<\/td><\/tr><tr><td>9022<\/td><td>5.41<\/td><td>B<\/td><td>6.00<\/td><td>DTCH<\/td><\/tr><tr><td>DTCH<\/td><td>6.16<\/td><td>B<\/td><td>5.58<\/td><td>5002<\/td><\/tr><tr><td>5030 6,7,SL<\/td><td>6.28<\/td><td>N<\/td><td>6.39<\/td><td>\u00a0<\/td><\/tr><tr><td>5024<\/td><td>6.56<\/td><td>B<\/td><td>7.13<\/td><td>DTCH<\/td><\/tr><tr><td>9104<\/td><td>7.12<\/td><td>B<\/td><td>7.33<\/td><td>DTCH<\/td><\/tr><tr><td>15160 P<\/td><td>7.19<\/td><td>N<\/td><td>7.30<\/td><td>\u00a0<\/td><\/tr><tr><td>3002<\/td><td>7.24<\/td><td>N<\/td><td>7.39<\/td><td>DT<\/td><\/tr><tr><td>1552 IR,6,7<\/td><td>7.38<\/td><td>N<\/td><td>7.49<\/td><td>\u00a0<\/td><\/tr><tr><td>5032 6,7,SL<\/td><td>8.16<\/td><td>N<\/td><td>8.27<\/td><td>\u00a0<\/td><\/tr><tr><td>9106<\/td><td>8.26<\/td><td>B<\/td><td>8.45<\/td><td>DTCH<\/td><\/tr><tr><td>9024 SL<\/td><td>8.52<\/td><td>N<\/td><td>9.04<\/td><td>T<\/td><\/tr><tr><td>15162 P<\/td><td>9.07<\/td><td>N<\/td><td>9.20<\/td><td>\u00a0<\/td><\/tr><tr><td>3004<\/td><td>9.22<\/td><td>N<\/td><td>9.35<\/td><td>T<\/td><\/tr><tr><td>5034 6,7,SL<\/td><td>11.23<\/td><td>N<\/td><td>11.34<\/td><td>\u00a0<\/td><\/tr><tr><td>5006 6,7,SL<\/td><td>12.20<\/td><td>B<\/td><td>12.37<\/td><td>DTCH<\/td><\/tr><tr><td>9108<\/td><td>13.19<\/td><td>N<\/td><td>13.32<\/td><td>T<\/td><\/tr><tr><td>5026 6,7,S;<\/td><td>15.44<\/td><td>N<\/td><td>15.56<\/td><td>T<\/td><\/tr><tr><td>3006<\/td><td>16.05<\/td><td>N<\/td><td>16.17<\/td><td>T<\/td><\/tr><tr><td>15164 P<\/td><td>16.16<\/td><td>N<\/td><td>16.27<\/td><td>\u00a0<\/td><\/tr><tr><td>5008 6,7,SL<\/td><td>16.24<\/td><td>N<\/td><td>16.36<\/td><td>T<\/td><\/tr><tr><td>9110 6,7,SL<\/td><td>17.15<\/td><td>B<\/td><td>17.39<\/td><td>DTCH<\/td><\/tr><tr><td>15166 P<\/td><td>17.26<\/td><td>N<\/td><td>17.37<\/td><td>\u00a0<\/td><\/tr><tr><td>5010<\/td><td>17.49<\/td><td>B<\/td><td>18.06<\/td><td>DTCH<\/td><\/tr><tr><td>3008<\/td><td>18.09<\/td><td>N<\/td><td>18.21<\/td><td>T<\/td><\/tr><tr><td>9112<\/td><td>18.14<\/td><td>N<\/td><td>18,34<\/td><td>DTCH<\/td><\/tr><tr><td>9028<\/td><td>18.39<\/td><td>B<\/td><td>18.58<\/td><td>DTCH<\/td><\/tr><tr><td>5036 6,7,SL<\/td><td>19.22<\/td><td>N<\/td><td>19.33<\/td><td>\u00a0<\/td><\/tr><tr><td>3010<\/td><td>20.06<\/td><td>N<\/td><td>20.18<\/td><td>T<\/td><\/tr><tr><td>3012 (1)<\/td><td>22.00<\/td><td>N<\/td><td>22.11<\/td><td>\u00a0<\/td><\/tr><tr><td>9030<\/td><td>22.05<\/td><td>B<\/td><td>22.23<\/td><td>DTCH<\/td><\/tr><tr><td colspan=\"5\">P &#8211; Particular; IR &#8211; InterRegio<\/td><\/tr><tr><td colspan=\"5\">Nu Circul\u0103: 6-S\u00e2mb. 7-Dum. SL-s\u0103rb\u0103tori legale<\/td><\/tr><tr><td colspan=\"5\">(1) &#8211; Nu circul\u0103 25.12, 01.01, 02.05, 20.06<\/td><\/tr><\/tbody><\/table><h1>Mersul trenurilor &#8211; Sosiri<\/h1><table class=\"table-mersul-trenurilor\"><tbody><tr><th colspan=\"3\">Bucuresti<\/th><th colspan=\"2\">Chitila<\/th><\/tr><tr><th>Nr. Tren<\/th><th colspan=\"2\">Plec\u0103ri<\/th><th>Sosiri<\/th><th>Opriri<\/th><\/tr><tr><td>9101 (1)<\/td><td>N<\/td><td>4.10<\/td><td>4.22<\/td><td>D<\/td><\/tr><tr><td>5001<\/td><td>N<\/td><td>4.42<\/td><td>4.53<\/td><td>D<\/td><\/tr><tr><td>9103<\/td><td>N<\/td><td>5.20<\/td><td>5.31<\/td><td>\u00a0<\/td><\/tr><tr><td>5031 6,7,SL<\/td><td>N<\/td><td>5.40<\/td><td>5.50<\/td><td>\u00a0<\/td><\/tr><tr><td>3001<\/td><td>N<\/td><td>6.10<\/td><td>6.21<\/td><td>D<\/td><\/tr><tr><td>9021<\/td><td>N<\/td><td>6.31<\/td><td>6.43<\/td><td>D<\/td><\/tr><tr><td>5033 6,7,SL<\/td><td>N<\/td><td>7.22<\/td><td>7.32<\/td><td>\u00a0<\/td><\/tr><tr><td>3003 (1)<\/td><td>B<\/td><td>7.46<\/td><td>8.02<\/td><td>HCTD<\/td><\/tr><tr><td>15161 P<\/td><td>N<\/td><td>7.58<\/td><td>8.09<\/td><td>\u00a0<\/td><\/tr><tr><td>9023<\/td><td>B<\/td><td>8.00<\/td><td>8.17<\/td><td>HCTD<\/td><\/tr><tr><td>5003 6,7,SL<\/td><td>N<\/td><td>9.20<\/td><td>9.31<\/td><td>\u00a0<\/td><\/tr><tr><td>15163 P<\/td><td>N<\/td><td>10.21<\/td><td>13.31<\/td><td>\u00a0<\/td><\/tr><tr><td>5035 6,7,SL<\/td><td>N<\/td><td>10.30<\/td><td>10.40<\/td><td>\u00a0<\/td><\/tr><tr><td>5021 6,7,SL<\/td><td>N<\/td><td>12.21<\/td><td>12.31<\/td><td>\u00a0<\/td><\/tr><tr><td>9105 6,7,SL<\/td><td>N<\/td><td>12.46<\/td><td>12.58<\/td><td>D<\/td><\/tr><tr><td>5005<\/td><td>N<\/td><td>13.22<\/td><td>13.32<\/td><td>\u00a0<\/td><\/tr><tr><td>9107<\/td><td>N<\/td><td>14.07<\/td><td>14.19<\/td><td>D<\/td><\/tr><tr><td>3005<\/td><td>N<\/td><td>14.32<\/td><td>14.39<\/td><td>T<\/td><\/tr><tr><td>9109 6,7,SL<\/td><td>N<\/td><td>15.08<\/td><td>15.23<\/td><td>D<\/td><\/tr><tr><td>9025<\/td><td>B<\/td><td>15.59<\/td><td>16.15<\/td><td>HCTD<\/td><\/tr><tr><td>5011<\/td><td>N<\/td><td>16.06<\/td><td>16.22<\/td><td>C<\/td><\/tr><tr><td>15165 P<\/td><td>N<\/td><td>1639<\/td><td>16.51<\/td><td>\u00a0<\/td><\/tr><tr><td>3007<\/td><td>N<\/td><td>16.46<\/td><td>16.56<\/td><td>D<\/td><\/tr><tr><td>9111<\/td><td>B<\/td><td>16.46<\/td><td>17.05<\/td><td>HTD<\/td><\/tr><tr><td>5007<\/td><td>N<\/td><td>17.07<\/td><td>17.17<\/td><td>\u00a0<\/td><\/tr><tr><td>3009<\/td><td>B<\/td><td>18.09<\/td><td>18.28<\/td><td>HCTD<\/td><\/tr><tr><td>5037 6,7,SL<\/td><td>N<\/td><td>18.23<\/td><td>18.33<\/td><td>\u00a0<\/td><\/tr><tr><td>15167 P<\/td><td>N<\/td><td>18.37<\/td><td>18.47<\/td><td>\u00a0<\/td><\/tr><tr><td>9113<\/td><td>N<\/td><td>19.24<\/td><td>19.46<\/td><td>HCTD<\/td><\/tr><tr><td>5023<\/td><td>B<\/td><td>19.55<\/td><td>20.11<\/td><td>HCTD<\/td><\/tr><tr><td>3011<\/td><td>N<\/td><td>20.23<\/td><td>20.35<\/td><td>D<\/td><\/tr><tr><td>9027<\/td><td>B<\/td><td>20.25<\/td><td>20.41<\/td><td>HCTD<\/td><\/tr><tr><td>5025<\/td><td>N<\/td><td>22.15<\/td><td>22.25<\/td><td>\u00a0<\/td><\/tr><tr><td colspan=\"5\">\u00a0<\/td><\/tr><tr><td colspan=\"5\">13.12.2020 &#8211; 11.12.2021 L.V.<\/td><\/tr><\/tbody><\/table>\t\t\t\t\t\t\t\t<\/div>\n\t\t\t\t<\/div>\n\t\t\t\t\t<\/div>\n\t\t\t\t<\/div>\n\t\t\t\t<\/div>\n\t\t","protected":false},"excerpt":{"rendered":"<p>Mersul trenurilor &#8211; Plec\u0103ri Chitila Bucuresti Nr. Tren Plec\u0103ri Sosiri Opriri 9102 5.25 N 5.38 T 5022 5.30 N 5.46 DTCH 9022 5.41 B 6.00 DTCH DTCH 6.16 B 5.58 5002 5030 6,7,SL 6.28 N 6.39 \u00a0 5024 6.56 B 7.13 DTCH 9104 7.12 B 7.33 DTCH 15160 P 7.19 N 7.30 \u00a0 3002 7.24 [&hellip;]<\/p>\n","protected":false},"author":6,"featured_media":0,"parent":0,"menu_order":0,"comment_status":"closed","ping_status":"closed","template":"","meta":{"footnotes":""},"class_list":["post-19025","page","type-page","status-publish","hentry"],"_links":{"self":[{"href":"https:\/\/primariachitila.ro\/new\/wp-json\/wp\/v2\/pages\/19025","targetHints":{"allow":["GET"]}}],"collection":[{"href":"https:\/\/primariachitila.ro\/new\/wp-json\/wp\/v2\/pages"}],"about":[{"href":"https:\/\/primariachitila.ro\/new\/wp-json\/wp\/v2\/types\/page"}],"author":[{"embeddable":true,"href":"https:\/\/primariachitila.ro\/new\/wp-json\/wp\/v2\/users\/6"}],"replies":[{"embeddable":true,"href":"https:\/\/primariachitila.ro\/new\/wp-json\/wp\/v2\/comments?post=19025"}],"version-history":[{"count":4,"href":"https:\/\/primariachitila.ro\/new\/wp-json\/wp\/v2\/pages\/19025\/revisions"}],"predecessor-version":[{"id":22296,"href":"https:\/\/primariachitila.ro\/new\/wp-json\/wp\/v2\/pages\/19025\/revisions\/22296"}],"wp:attachment":[{"href":"https:\/\/primariachitila.ro\/new\/wp-json\/wp\/v2\/media?parent=19025"}],"curies":[{"name":"wp","href":"https:\/\/api.w.org\/{rel}","templated":true}]}}