{"id":19112,"date":"2025-03-18T07:32:16","date_gmt":"2025-03-18T07:32:16","guid":{"rendered":"https:\/\/primariachitila.ro\/new\/?page_id=19112"},"modified":"2025-03-18T10:42:59","modified_gmt":"2025-03-18T10:42:59","slug":"primar","status":"publish","type":"page","link":"https:\/\/primariachitila.ro\/new\/primar\/","title":{"rendered":"PRIMAR"},"content":{"rendered":"\t\t<div data-elementor-type=\"wp-page\" data-elementor-id=\"19112\" class=\"elementor elementor-19112\">\n\t\t\t\t<div class=\"elementor-element elementor-element-7bc08a5 e-grid e-con-boxed e-con e-parent\" data-id=\"7bc08a5\" data-element_type=\"container\" data-e-type=\"container\">\n\t\t\t\t\t<div class=\"e-con-inner\">\n\t\t\t\t<div class=\"elementor-element elementor-element-8d8f3d3 elementor-widget elementor-widget-text-editor\" data-id=\"8d8f3d3\" data-element_type=\"widget\" data-e-type=\"widget\" data-widget_type=\"text-editor.default\">\n\t\t\t\t<div class=\"elementor-widget-container\">\n\t\t\t\t\t\t\t\t\t<h3 class=\"text-uppercase\">Primar<\/h3><h4 class=\"text-secondary\">Emilian Oprea<\/h4><p class=\"mb-0\">Email:\u00a0<a href=\"mailto:primar@primariachitila.ro\">primar@primariachitila.ro<\/a><\/p>\t\t\t\t\t\t\t\t<\/div>\n\t\t\t\t<\/div>\n\t\t\t\t<div class=\"elementor-element elementor-element-967904a elementor-widget elementor-widget-image\" data-id=\"967904a\" data-element_type=\"widget\" data-e-type=\"widget\" data-widget_type=\"image.default\">\n\t\t\t\t<div class=\"elementor-widget-container\">\n\t\t\t\t\t\t\t\t\t\t\t\t\t\t\t<img decoding=\"async\" width=\"150\" height=\"150\" src=\"https:\/\/primariachitila.ro\/new\/wp-content\/uploads\/2025\/03\/primar-Chitila-Oprea-Emilian-150x150.png\" class=\"attachment-thumbnail size-thumbnail wp-image-19069\" alt=\"\" srcset=\"https:\/\/primariachitila.ro\/new\/wp-content\/uploads\/2025\/03\/primar-Chitila-Oprea-Emilian-150x150.png 150w, https:\/\/primariachitila.ro\/new\/wp-content\/uploads\/2025\/03\/primar-Chitila-Oprea-Emilian-300x300.png 300w, https:\/\/primariachitila.ro\/new\/wp-content\/uploads\/2025\/03\/primar-Chitila-Oprea-Emilian-1024x1024.png 1024w, https:\/\/primariachitila.ro\/new\/wp-content\/uploads\/2025\/03\/primar-Chitila-Oprea-Emilian-768x768.png 768w, https:\/\/primariachitila.ro\/new\/wp-content\/uploads\/2025\/03\/primar-Chitila-Oprea-Emilian-600x600.png 600w, https:\/\/primariachitila.ro\/new\/wp-content\/uploads\/2025\/03\/primar-Chitila-Oprea-Emilian.png 1280w\" sizes=\"(max-width: 150px) 100vw, 150px\" \/>\t\t\t\t\t\t\t\t\t\t\t\t\t\t\t<\/div>\n\t\t\t\t<\/div>\n\t\t\t\t\t<\/div>\n\t\t\t\t<\/div>\n\t\t<div class=\"elementor-element elementor-element-3ecc54f e-flex e-con-boxed e-con e-parent\" data-id=\"3ecc54f\" data-element_type=\"container\" data-e-type=\"container\">\n\t\t\t\t\t<div class=\"e-con-inner\">\n\t\t\t\t<div class=\"elementor-element elementor-element-11b4729 elementor-widget-divider--view-line elementor-widget elementor-widget-divider\" data-id=\"11b4729\" data-element_type=\"widget\" data-e-type=\"widget\" data-widget_type=\"divider.default\">\n\t\t\t\t<div class=\"elementor-widget-container\">\n\t\t\t\t\t\t\t<div class=\"elementor-divider\">\n\t\t\t<span class=\"elementor-divider-separator\">\n\t\t\t\t\t\t<\/span>\n\t\t<\/div>\n\t\t\t\t\t\t<\/div>\n\t\t\t\t<\/div>\n\t\t\t\t\t<\/div>\n\t\t\t\t<\/div>\n\t\t<div class=\"elementor-element elementor-element-85cc47d e-grid e-con-boxed e-con e-parent\" data-id=\"85cc47d\" data-element_type=\"container\" data-e-type=\"container\">\n\t\t\t\t\t<div class=\"e-con-inner\">\n\t\t\t\t<div class=\"elementor-element elementor-element-0c94873 elementor-widget elementor-widget-text-editor\" data-id=\"0c94873\" data-element_type=\"widget\" data-e-type=\"widget\" data-widget_type=\"text-editor.default\">\n\t\t\t\t<div class=\"elementor-widget-container\">\n\t\t\t\t\t\t\t\t\t<p class=\"lead mb-0\"><strong>Prezentare<\/strong><\/p><hr \/><h5>Statutul \u00een administra\u021bia public\u0103<\/h5><p>Din primul mandat de primar, am ales s\u0103 construiesc un parteneriat real cu cet\u0103\u021benii pentru a face din Ora\u0219ul Chitila o m\u00e2ndrie pentru jude\u021bul Ilfov. Comunitatea s-a dezvoltat sub ochii no\u015ftri, gra\u0163ie efortului comun. \u00cen 2003, am ridicat Chitila la rang de ora\u0219.<\/p><p>Prin atragerea de fonduri nerambursabile am reu\u0219it s\u0103 facem din ora\u0219ul nostru o localitate de referin\u021b\u0103 pe harta Jude\u021bului Ilfov.\u00a0<\/p><p>Nevoile \u0219i preocup\u0103rile cet\u0103\u021benilor r\u0103m\u00e2n principalul reper pentru deciziile pe care administra\u021bia trebuie s\u0103 le adopte. Printr-un dialog transparent, am identificat priorit\u0103\u021bile \u0219i am investit \u00een mod eficient resursele astfel \u00eenc\u00e2t s\u0103 ne m\u00e2ndrim cu ora\u0219ul nostru.<\/p><p>M-am n\u0103scut \u0219i am crescut \u00een Chitila, \u00eentreaga mea via\u021b\u0103 este legat\u0103 de aceast\u0103 comunitate. Ast\u0103zi, ora\u0219ul este demn de locuitorii s\u0103i, deschis pentru experien\u021be noi \u0219i ofertant pentru tinerii care doresc s\u0103 se a\u0219eze la casa lor \u00eentr-un mediu curat \u0219i primitor prin generozitatea oamenilor locului.<\/p><p>Aspira\u021biile mele privind dezvoltarea ora\u0219ului sunt \u00een continuare pe m\u0103sura provoc\u0103rilor vremurilor actuale.<\/p><p>\u021ainem aproape \u0219i astfel\u00a0 vom face ca lucrurile s\u0103 nu se opreasc\u0103 aici! Mergem mai departe!<\/p><p>Al dumneavoastr\u0103,<\/p><p>PRIMAR,<\/p><p>Emilian OPREA<\/p>\t\t\t\t\t\t\t\t<\/div>\n\t\t\t\t<\/div>\n\t\t\t\t<div class=\"elementor-element elementor-element-cb5f4ea elementor-widget elementor-widget-text-editor\" data-id=\"cb5f4ea\" data-element_type=\"widget\" data-e-type=\"widget\" data-widget_type=\"text-editor.default\">\n\t\t\t\t<div class=\"elementor-widget-container\">\n\t\t\t\t\t\t\t\t\t<p class=\"lead mb-0\"><strong>Despre<\/strong><\/p><hr \/><p><span lang=\"RO\" xml:lang=\"RO\">S-a n\u0103scut la data de 31.10.1963 \u0219i Chitila este ora\u0219ul \u00een care a crescut, s-a format \u0219i \u00een care a ales s\u0103 tr\u0103iasc\u0103, reu\u0219ind \u00een permanen\u021b\u0103 s\u0103 contribuie la promovarea \u0219i dezvoltarea urbei.<\/span><\/p><p><span lang=\"RO\" xml:lang=\"RO\">Dup\u0103 finalizarea studiilor liceale, la Liceul Industrial nr. 11 \u2013 Sec\u021bia electrotehnic (unde a studiat \u00een perioada 1978 &#8211; 1982), Emilian Oprea a absolvit cursurile a dou\u0103 facult\u0103\u021bi: Facultatea de C\u0103i Ferate, Drumuri \u0219i Poduri \u0219i \u0218coala Na\u021bional\u0103 de \u0218tiin\u021be Politice.<\/span><\/p><p><span lang=\"RO\" xml:lang=\"RO\">\u00cenainte de a-\u0219i fi dedicat via\u021ba \u0219i activitatea profesional\u0103 comunit\u0103\u021bii ora\u0219ului Chitila, a lucrat ca \u0219ef compartiment mecanizare-transporturi la B.A.D. M.T.T.C. Chitila, p\u00e2n\u0103 \u00een anul 1996.<\/span><\/p><p><span lang=\"RO\" xml:lang=\"RO\">Ca primar, \u0219i-a creat \u00een timp marca personal\u0103 prin maniera comunic\u0103rii cu cet\u0103\u021benii, aloc\u00e2nd interes de fiecare dat\u0103 discu\u021biilor cu ace\u0219tia \u0219i g\u0103sind solu\u021bii eficiente pentru fiecare problem\u0103 dezb\u0103tut\u0103 sau disconfort adus la cuno\u0219tin\u021b\u0103. \u00cenc\u0103 de la \u00eenceputul carierei sale, Emilian Oprea a imprimat un dinamism specific \u00een cadrul institu\u021biei pe care o reprezint\u0103, serviciile publice din ora\u0219ul Chitila modific\u00e2ndu-\u0219i vizibil gradul de operativitate.<\/span><\/p><p><span lang=\"RO\" xml:lang=\"RO\">\u00a0Prin stilul profesional abordat, a reu\u0219it s\u0103 confere valoare practic\u0103 \u0219i m\u0103surabil\u0103 conceptului de administra\u021bie public\u0103.<br \/>Numeroasele proiecte de investi\u021bii, finalizate sau \u00een curs de finalizare,\u00a0 dovedesc at\u00e2t interesul real pentru dezvoltarea ora\u0219ului, c\u00e2t \u0219i deosebita implicare \u00een crearea \u0219i men\u021binerea unui nivel ridicat de calitate \u00een ceea ce prive\u0219te managementul activit\u0103\u021bilor administra\u021biei publice pe care o conduce.<\/span><\/p>\t\t\t\t\t\t\t\t<\/div>\n\t\t\t\t<\/div>\n\t\t\t\t<div class=\"elementor-element elementor-element-96b1614 elementor-widget elementor-widget-text-editor\" data-id=\"96b1614\" data-element_type=\"widget\" data-e-type=\"widget\" data-widget_type=\"text-editor.default\">\n\t\t\t\t<div class=\"elementor-widget-container\">\n\t\t\t\t\t\t\t\t\t<p class=\"lead mb-0\">Rolul Primarului<\/p><hr \/><h5>Rolul primarului ora\u0219ului Chitila<\/h5><p>Primarii \u015fi consiliile locale func\u0163ioneaz\u0103 ca autorit\u0103\u0163i ale administra\u0163iei publice locale \u015fi rezolv\u0103 treburile publice din comune, ora\u015fe \u015fi municipii, \u00een condi\u0163iile legii.<\/p><p>Primarul \u00eendepline\u015fte o func\u0163ie de autoritate public\u0103.<\/p><p>Primarul asigur\u0103 respectarea drepturilor \u015fi libert\u0103\u0163ilor fundamentale ale cet\u0103\u0163enilor, a prevederilor Constitu\u0163iei, precum \u015fi punerea \u00een aplicare a legilor, a decretelor Pre\u015fedintelui Rom\u00e2niei, a hot\u0103r\u00e2rilor \u015fi ordonan\u0163elor Guvernului, a hot\u0103r\u00e2rilor consiliului local; dispune m\u0103surile necesare \u015fi acord\u0103 sprijin pentru aplicarea ordinelor \u015fi instruc\u0163iunilor cu caracter normativ ale mini\u015ftrilor, ale celorlal\u0163i conduc\u0103tori ai autorit\u0103\u0163ilor administra\u0163iei publice centrale, ale prefectului, precum \u015fi a hot\u0103r\u00e2rilor consiliului jude\u0163ean, \u00een condi\u0163iile legii.<\/p>\t\t\t\t\t\t\t\t<\/div>\n\t\t\t\t<\/div>\n\t\t\t\t<div class=\"elementor-element elementor-element-7d226d2 elementor-widget elementor-widget-text-editor\" data-id=\"7d226d2\" data-element_type=\"widget\" data-e-type=\"widget\" data-widget_type=\"text-editor.default\">\n\t\t\t\t<div class=\"elementor-widget-container\">\n\t\t\t\t\t\t\t\t\t<p class=\"lead mb-0\">Obiectivele Primarului<\/p><hr \/><p><span lang=\"RO\" xml:lang=\"RO\">Principalul obiectiv al primarului Emilian OPREA este \u00eembun\u0103t\u0103\u021birea continu\u0103 a calit\u0103\u021bii vie\u021bii locuitorilor, \u00eentr-un ora\u0219 modernizat, cu o infrastructur\u0103 reabilitat\u0103, cu servicii publice adaptate nevoilor cet\u0103\u021benilor.<\/span><\/p><p><span lang=\"RO\" xml:lang=\"RO\">Printre proiectele promovate \u0219i implementate de primarul ora\u0219ului Chitila se num\u0103r\u0103:<\/span><\/p><ul><li><span lang=\"RO\" xml:lang=\"RO\">Modernizarea\/reabilitarea\/construirea de \u0219coli, gr\u0103dini\u021be, cre\u0219\u0103, policlinic\u0103, sal\u0103 de sport, bazin de \u00eenot, cas\u0103 de cultur\u0103<\/span><\/li><li><span lang=\"RO\" xml:lang=\"RO\">Asigurarea unor serviciilor publice de calitate (salubrizare, transport public Eco)<\/span><\/li><li><span lang=\"RO\" xml:lang=\"RO\">Investi\u021bia \u00een siguran\u021ba cet\u0103\u021beanului, sporirea confortului acestuia prin modernizarea sistemului de iluminat public \u0219i montarea de camere de luat vederi ca mijloc de prevenire a infrac\u021bionalit\u0103\u021bii stradale<\/span><\/li><li><span lang=\"RO\" xml:lang=\"RO\">Alocarea de terenuri pentru tineri \u00een vederea construirii de imobile reziden\u021biale<\/span><\/li><li><span lang=\"RO\" xml:lang=\"RO\">Investi\u021bia \u00een anveloparea blocurilor pentru cre\u0219terea eficien\u021bei energetice<\/span><\/li><li><span lang=\"RO\" xml:lang=\"RO\">Modernizarea, reabilitarea sau extinderea infrastructurii rutiere \u0219i amenajarea de noi locuri de parcare<\/span><\/li><li><span lang=\"RO\" xml:lang=\"RO\">Amenajarea unor zone de recreere &#8211; Parcul Dendrologic, Parcul Regina Maria, Parcul Tineret, Parcul Valea Mangului, baza sportiv\u0103, crearea pistelor pentru bicicli\u0219ti<\/span><\/li><li><span lang=\"RO\" xml:lang=\"RO\">\u00cembun\u0103t\u0103\u021birea calit\u0103\u021bii aerului prin continuarea plant\u0103rii de arbori \u0219i arbu\u0219ti \u00een localitate.<\/span><\/li><\/ul>\t\t\t\t\t\t\t\t<\/div>\n\t\t\t\t<\/div>\n\t\t\t\t\t<\/div>\n\t\t\t\t<\/div>\n\t\t\t\t<\/div>\n\t\t","protected":false},"excerpt":{"rendered":"<p>Primar Emilian Oprea Email:\u00a0primar@primariachitila.ro Prezentare Statutul \u00een administra\u021bia public\u0103 Din primul mandat de primar, am ales s\u0103 construiesc un parteneriat real cu cet\u0103\u021benii pentru a face din Ora\u0219ul Chitila o m\u00e2ndrie pentru jude\u021bul Ilfov. Comunitatea s-a dezvoltat sub ochii no\u015ftri, gra\u0163ie efortului comun. \u00cen 2003, am ridicat Chitila la rang de ora\u0219. Prin atragerea de [&hellip;]<\/p>\n","protected":false},"author":6,"featured_media":0,"parent":0,"menu_order":0,"comment_status":"closed","ping_status":"closed","template":"","meta":{"footnotes":""},"class_list":["post-19112","page","type-page","status-publish","hentry"],"_links":{"self":[{"href":"https:\/\/primariachitila.ro\/new\/wp-json\/wp\/v2\/pages\/19112","targetHints":{"allow":["GET"]}}],"collection":[{"href":"https:\/\/primariachitila.ro\/new\/wp-json\/wp\/v2\/pages"}],"about":[{"href":"https:\/\/primariachitila.ro\/new\/wp-json\/wp\/v2\/types\/page"}],"author":[{"embeddable":true,"href":"https:\/\/primariachitila.ro\/new\/wp-json\/wp\/v2\/users\/6"}],"replies":[{"embeddable":true,"href":"https:\/\/primariachitila.ro\/new\/wp-json\/wp\/v2\/comments?post=19112"}],"version-history":[{"count":4,"href":"https:\/\/primariachitila.ro\/new\/wp-json\/wp\/v2\/pages\/19112\/revisions"}],"predecessor-version":[{"id":19349,"href":"https:\/\/primariachitila.ro\/new\/wp-json\/wp\/v2\/pages\/19112\/revisions\/19349"}],"wp:attachment":[{"href":"https:\/\/primariachitila.ro\/new\/wp-json\/wp\/v2\/media?parent=19112"}],"curies":[{"name":"wp","href":"https:\/\/api.w.org\/{rel}","templated":true}]}}