{"id":19145,"date":"2025-03-18T07:38:21","date_gmt":"2025-03-18T07:38:21","guid":{"rendered":"https:\/\/primariachitila.ro\/new\/?page_id=19145"},"modified":"2025-10-16T09:05:09","modified_gmt":"2025-10-16T09:05:09","slug":"informatii-de-interes-general","status":"publish","type":"page","link":"https:\/\/primariachitila.ro\/new\/informatii-de-interes-general\/","title":{"rendered":"INFORMA\u021aII DE INTERES GENERAL"},"content":{"rendered":"\t\t<div data-elementor-type=\"wp-page\" data-elementor-id=\"19145\" class=\"elementor elementor-19145\">\n\t\t\t\t<div class=\"elementor-element elementor-element-507b5ef e-flex e-con-boxed e-con e-parent\" data-id=\"507b5ef\" data-element_type=\"container\" data-e-type=\"container\">\n\t\t\t\t\t<div class=\"e-con-inner\">\n\t\t\t\t<div class=\"elementor-element elementor-element-ac4935c elementor-widget elementor-widget-heading\" data-id=\"ac4935c\" data-element_type=\"widget\" data-e-type=\"widget\" data-widget_type=\"heading.default\">\n\t\t\t\t<div class=\"elementor-widget-container\">\n\t\t\t\t\t<h2 class=\"elementor-heading-title elementor-size-default\">\nDirector\n\nFlorin Iordan<\/h2>\t\t\t\t<\/div>\n\t\t\t\t<\/div>\n\t\t\t\t<div class=\"elementor-element elementor-element-42b75bf elementor-widget elementor-widget-text-editor\" data-id=\"42b75bf\" data-element_type=\"widget\" data-e-type=\"widget\" data-widget_type=\"text-editor.default\">\n\t\t\t\t<div class=\"elementor-widget-container\">\n\t\t\t\t\t\t\t\t\t<div class=\"body-informatii-de-interes\"><p>Poli\u021bia Local\u0103 Chitila a fost \u00eenfiin\u021bat\u0103 la solicitarea \u0219i cu sprijinul Prim\u0103riei, ca r\u0103spuns la necesit\u0103\u021bile exprimate de locuitori pentru \u00eembun\u0103t\u0103\u021birea siguran\u021bei \u00een spa\u021biul public.<\/p><p>Poli\u021bia Local\u0103 urm\u0103re\u0219te consolidarea sentimentului de siguran\u021b\u0103 \u0219i protec\u021bie a cet\u0103\u021benilor din Chitila \u0219i promovarea unui mediu urban mai sigur \u0219i mai prietenos.<\/p><\/div><div class=\"detalii-informatii-de-interes\"><p><strong>Adres\u0103:\u00a0<\/strong>\u0218os. Banatului, nr. 70<\/p><p><strong>Fax:\u00a0<\/strong>0372.003.060<\/p><p><strong>Telefon:\u00a0<\/strong>021.436.31.61<\/p><p><strong>E-mail:\u00a0<\/strong><a href=\"mailto:locpol@email.com\">locpol@email.com<\/a><\/p><\/div>\t\t\t\t\t\t\t\t<\/div>\n\t\t\t\t<\/div>\n\t\t\t\t\t<\/div>\n\t\t\t\t<\/div>\n\t\t\t\t<\/div>\n\t\t","protected":false},"excerpt":{"rendered":"<p>Director Florin Iordan Poli\u021bia Local\u0103 Chitila a fost \u00eenfiin\u021bat\u0103 la solicitarea \u0219i cu sprijinul Prim\u0103riei, ca r\u0103spuns la necesit\u0103\u021bile exprimate de locuitori pentru \u00eembun\u0103t\u0103\u021birea siguran\u021bei \u00een spa\u021biul public. Poli\u021bia Local\u0103 urm\u0103re\u0219te consolidarea sentimentului de siguran\u021b\u0103 \u0219i protec\u021bie a cet\u0103\u021benilor din Chitila \u0219i promovarea unui mediu urban mai sigur \u0219i mai prietenos. Adres\u0103:\u00a0\u0218os. Banatului, nr. 70 [&hellip;]<\/p>\n","protected":false},"author":6,"featured_media":0,"parent":0,"menu_order":0,"comment_status":"closed","ping_status":"closed","template":"","meta":{"footnotes":""},"class_list":["post-19145","page","type-page","status-publish","hentry"],"_links":{"self":[{"href":"https:\/\/primariachitila.ro\/new\/wp-json\/wp\/v2\/pages\/19145","targetHints":{"allow":["GET"]}}],"collection":[{"href":"https:\/\/primariachitila.ro\/new\/wp-json\/wp\/v2\/pages"}],"about":[{"href":"https:\/\/primariachitila.ro\/new\/wp-json\/wp\/v2\/types\/page"}],"author":[{"embeddable":true,"href":"https:\/\/primariachitila.ro\/new\/wp-json\/wp\/v2\/users\/6"}],"replies":[{"embeddable":true,"href":"https:\/\/primariachitila.ro\/new\/wp-json\/wp\/v2\/comments?post=19145"}],"version-history":[{"count":4,"href":"https:\/\/primariachitila.ro\/new\/wp-json\/wp\/v2\/pages\/19145\/revisions"}],"predecessor-version":[{"id":22285,"href":"https:\/\/primariachitila.ro\/new\/wp-json\/wp\/v2\/pages\/19145\/revisions\/22285"}],"wp:attachment":[{"href":"https:\/\/primariachitila.ro\/new\/wp-json\/wp\/v2\/media?parent=19145"}],"curies":[{"name":"wp","href":"https:\/\/api.w.org\/{rel}","templated":true}]}}