{"id":22200,"date":"2025-10-16T08:02:54","date_gmt":"2025-10-16T08:02:54","guid":{"rendered":"https:\/\/primariachitila.ro\/new\/?page_id=22200"},"modified":"2025-10-16T08:18:25","modified_gmt":"2025-10-16T08:18:25","slug":"informatii-generale-urbanism","status":"publish","type":"page","link":"https:\/\/primariachitila.ro\/new\/informatii-generale-urbanism\/","title":{"rendered":"Informa\u021bii Generale &#8211; Urbanism"},"content":{"rendered":"\t\t<div data-elementor-type=\"wp-page\" data-elementor-id=\"22200\" class=\"elementor elementor-22200\">\n\t\t\t\t<div class=\"elementor-element elementor-element-9561c74 e-flex e-con-boxed e-con e-parent\" data-id=\"9561c74\" data-element_type=\"container\" data-e-type=\"container\">\n\t\t\t\t\t<div class=\"e-con-inner\">\n\t\t\t\t<div class=\"elementor-element elementor-element-3acf6d1 elementor-widget elementor-widget-text-editor\" data-id=\"3acf6d1\" data-element_type=\"widget\" data-e-type=\"widget\" data-widget_type=\"text-editor.default\">\n\t\t\t\t<div class=\"elementor-widget-container\">\n\t\t\t\t\t\t\t\t\t<div class=\"container\"><h3>Regulament de func\u021bionare \u0219i organizare CTATU<\/h3><div class=\"camp-document\"><a href=\"https:\/\/primariachitila.ro\/new\/document\/hcl-si-rof-ctatu\/\">HCL \u0218I ROF CTATU<\/a><\/div><div>\u00a0<\/div><\/div><div class=\"container\"><table class=\"table-informatii-generale\"><tbody><tr><th colspan=\"2\">Opis documente necesare<\/th><\/tr><tr><td>1<\/td><td>Cerere tip<\/td><\/tr><tr><td>2<\/td><td>Dovad\u0103 de achitare a taxei &#8211; 13,00 lei la taxe \u0219i impozite<\/td><\/tr><tr><td>3<\/td><td>Ridicare topografic\u0103 \u00een sistem stereo 70 \/ cadastru &#8211; av\u00e2nd coordonate<\/td><\/tr><tr><td>4<\/td><td>Certificat de Urbanism &#8211; copie<\/td><\/tr><tr><td rowspan=\"3\">5<\/td><td>Documenta\u021bie tehnic\u0103 semnat\u0103 \u0219i \u0219tampilat\u0103 de specialist cu drept de semn\u0103tur\u0103 \u00eenscris \u00een Registrul Urbani\u0219tilor:<\/td><\/tr><tr><td><ul><li>1 Exemplar pe h\u00e2rtie<\/li><\/ul><\/td><\/tr><tr><td><ul><li>1 Exemplar pe CD<\/li><\/ul><\/td><\/tr><tr><td rowspan=\"4\">5.1<\/td><td>Parte scris\u0103:<\/td><\/tr><tr><td><ul><li>Foaie de cap\u0103t \u0219i prezentare<\/li><\/ul><\/td><\/tr><tr><td><ul><li>Borderou<\/li><\/ul><\/td><\/tr><tr><td><ul><li>Memoriu tehnic<\/li><\/ul><\/td><\/tr><tr><td rowspan=\"8\">5.2<\/td><td>Parte desenat\u0103 pe ridicarea topografic\u0103 Stereo&#8217;70<\/td><\/tr><tr><td><ul><li>Plan\u0219\u0103 \u00eencadrare \u00een zon\u0103 &#8211; extras din PUG<\/li><\/ul><\/td><\/tr><tr><td><ul><li>Plan\u0219\u0103 zonificare existent\u0103<\/li><\/ul><\/td><\/tr><tr><td><ul><li>Plan\u0219\u0103 de reglement\u0103ri<\/li><\/ul><\/td><\/tr><tr><td><ul><li>Regim juridic<\/li><\/ul><\/td><\/tr><tr><td><ul><li>Volumetrie inserata in foto existent<\/li><\/ul><\/td><\/tr><tr><td><ul><li>Partiuri<\/li><\/ul><\/td><\/tr><tr><td><ul><li>Ilustrare foto existent<\/li><\/ul><\/td><\/tr><tr><td rowspan=\"6\">6<\/td><td>Avize\u00a0 utilit\u0103\u021bi, conform certificat de urbanism<\/td><\/tr><tr><td>Energie electric\u0103<\/td><\/tr><tr><td>Gaze naturale<\/td><\/tr><tr><td>Telefonizare<\/td><\/tr><tr><td>Apa si canalizare<\/td><\/tr><tr><td>Altele:<\/td><\/tr><tr><td>7<\/td><td>Declara\u021bie de exonerare<\/td><\/tr><tr><td>8<\/td><td>Panou foto informare<\/td><\/tr><tr><td>9<\/td><td>Acorduri vecini (dup\u0103 caz)<\/td><\/tr><tr><td>10<\/td><td>Studiu de \u00eensorire (dup\u0103 caz)<\/td><\/tr><tr><td>11<\/td><td>Tax\u0103 RUR<\/td><\/tr><\/tbody><\/table><\/div>\t\t\t\t\t\t\t\t<\/div>\n\t\t\t\t<\/div>\n\t\t\t\t\t<\/div>\n\t\t\t\t<\/div>\n\t\t<div class=\"elementor-element elementor-element-8eb618d e-flex e-con-boxed e-con e-parent\" data-id=\"8eb618d\" data-element_type=\"container\" data-e-type=\"container\">\n\t\t\t\t\t<div class=\"e-con-inner\">\n\t\t\t\t<div class=\"elementor-element elementor-element-5bf5481 elementor-widget elementor-widget-heading\" data-id=\"5bf5481\" data-element_type=\"widget\" data-e-type=\"widget\" data-widget_type=\"heading.default\">\n\t\t\t\t<div class=\"elementor-widget-container\">\n\t\t\t\t\t<h2 class=\"elementor-heading-title elementor-size-default\">Cereri TIP <\/h2>\t\t\t\t<\/div>\n\t\t\t\t<\/div>\n\t\t\t\t\t<\/div>\n\t\t\t\t<\/div>\n\t\t<div class=\"elementor-element elementor-element-a6c2365 e-flex e-con-boxed e-con e-parent\" data-id=\"a6c2365\" data-element_type=\"container\" data-e-type=\"container\">\n\t\t\t\t\t<div class=\"e-con-inner\">\n\t\t\t\t<div class=\"elementor-element elementor-element-1d14fe0 elementor-widget elementor-widget-shortcode\" data-id=\"1d14fe0\" data-element_type=\"widget\" data-e-type=\"widget\" data-widget_type=\"shortcode.default\">\n\t\t\t\t<div class=\"elementor-widget-container\">\n\t\t\t\t\t\t\t<div class=\"elementor-shortcode\"><table id=\"dlp_36e860656541c6d7_1\" class=\"posts-data-table\" width=\"100%\" data-config=\"{&quot;pageLength&quot;:20,&quot;pagingType&quot;:&quot;numbers&quot;,&quot;serverSide&quot;:true,&quot;autoWidth&quot;:true,&quot;clickFilter&quot;:&quot;&quot;,&quot;stickyHeader&quot;:false,&quot;scrollOffset&quot;:15,&quot;resetButton&quot;:false,&quot;numOrder&quot;:false,&quot;lengthMenu&quot;:[10,20,25,50,100],&quot;columnDefs&quot;:[{&quot;className&quot;:&quot;col-title&quot;,&quot;targets&quot;:0,&quot;type&quot;:&quot;html&quot;},{&quot;className&quot;:&quot;col-date&quot;,&quot;targets&quot;:1,&quot;type&quot;:&quot;html&quot;},{&quot;className&quot;:&quot;col-link&quot;,&quot;targets&quot;:2,&quot;type&quot;:&quot;html&quot;}],&quot;responsive&quot;:{&quot;details&quot;:{&quot;display&quot;:&quot;child_row&quot;}},&quot;language&quot;:{&quot;info&quot;:&quot;_TOTAL_ documents&quot;,&quot;infoEmpty&quot;:&quot;0 documents&quot;,&quot;emptyTable&quot;:&quot;No matching documents.&quot;,&quot;zeroRecords&quot;:&quot;No matching documents.&quot;,&quot;totalsSingle&quot;:&quot;document&quot;,&quot;totalsPlural&quot;:&quot;documents&quot;},&quot;dom&quot;:&quot;&lt;\\&quot;posts-table-wrapper gimont\\&quot;&lt;\\&quot;posts-table-above posts-table-controls\\&quot;f&gt;t&lt;\\&quot;posts-table-below posts-table-controls\\&quot;lip&gt;&gt;&quot;,&quot;multiDownloadButton&quot;:true,&quot;multiDownloadPosition&quot;:&quot;above&quot;,&quot;multiDownloadText&quot;:&quot;Descarc\\u0103 documentele selectate&quot;}\" data-filters=\"false\" data-order='[[1, \"desc\"]]'><thead><tr><th class=\"all\" data-name=\"title\" data-orderable=\"true\" data-searchable=\"true\" data-priority=\"1\" data-data=\"title\">Denumire<\/th><th data-name=\"date\" data-orderable=\"true\" data-searchable=\"true\" data-priority=\"5\" data-data=\"date\">Data<\/th><th data-name=\"link\" data-orderable=\"false\" data-searchable=\"false\" data-priority=\"10\" data-data=\"link\">Descarc\u0103<\/th><\/tr><\/thead><\/table>\t\t<div id=\"modal_dlp_36e860656541c6d7_1\" class=\"dlp-preview-modal\" aria-hidden=\"true\">\n\t\t\t<div class=\"dlp-preview-modal-overlay\" tabindex=\"-1\" data-dlp-preview-close=\"#modal_dlp_36e860656541c6d7_1\">\n\t\t\t\t<a class=\"dlp-preview-modal-close\" data-dlp-preview-close=\"#modal_dlp_36e860656541c6d7_1\">\n\t\t\t\t\t<div class=\"dlp-icon close\"><svg xmlns=\"http:\/\/www.w3.org\/2000\/svg\" viewBox=\"0 0 24 24\" aria-label=\"Close\"><path fill=\"currentColor\" d=\"M19 6.41L17.59 5 12 10.59 6.41 5 5 6.41 10.59 12 5 17.59 6.41 19 12 13.41 17.59 19 19 17.59 13.41 12z\" \/><path d=\"M0 0h24v24H0z\" fill=\"none\" \/><\/svg><\/div>\t\t\t\t<\/a>\n\n\t\t\t\t<div class=\"dlp-preview-modal-container\" role=\"dialog\" aria-modal=\"true\" aria-labelledby=\"dlp-preview-modal-title\">\n\t\t\t\t\t<main class=\"dlp-preview-modal-content\"><\/main>\n\t\t\t\t\t<footer class=\"dlp-preview-modal-footer\"><\/footer>\n\t\t\t\t<\/div>\n\t\t\t<\/div>\n\t\t<\/div>\n\t\t<\/div>\n\t\t\t\t\t\t<\/div>\n\t\t\t\t<\/div>\n\t\t\t\t\t<\/div>\n\t\t\t\t<\/div>\n\t\t\t\t<\/div>\n\t\t","protected":false},"excerpt":{"rendered":"<p>Regulament de func\u021bionare \u0219i organizare CTATU HCL \u0218I ROF CTATU\u00a0 Opis documente necesare 1 Cerere tip 2 Dovad\u0103 de achitare a taxei &#8211; 13,00 lei la taxe \u0219i impozite 3 Ridicare topografic\u0103 \u00een sistem stereo 70 \/ cadastru &#8211; av\u00e2nd coordonate 4 Certificat de Urbanism &#8211; copie 5 Documenta\u021bie tehnic\u0103 semnat\u0103 \u0219i \u0219tampilat\u0103 de specialist [&hellip;]<\/p>\n","protected":false},"author":2,"featured_media":0,"parent":0,"menu_order":0,"comment_status":"closed","ping_status":"closed","template":"","meta":{"footnotes":""},"class_list":["post-22200","page","type-page","status-publish","hentry"],"_links":{"self":[{"href":"https:\/\/primariachitila.ro\/new\/wp-json\/wp\/v2\/pages\/22200","targetHints":{"allow":["GET"]}}],"collection":[{"href":"https:\/\/primariachitila.ro\/new\/wp-json\/wp\/v2\/pages"}],"about":[{"href":"https:\/\/primariachitila.ro\/new\/wp-json\/wp\/v2\/types\/page"}],"author":[{"embeddable":true,"href":"https:\/\/primariachitila.ro\/new\/wp-json\/wp\/v2\/users\/2"}],"replies":[{"embeddable":true,"href":"https:\/\/primariachitila.ro\/new\/wp-json\/wp\/v2\/comments?post=22200"}],"version-history":[{"count":28,"href":"https:\/\/primariachitila.ro\/new\/wp-json\/wp\/v2\/pages\/22200\/revisions"}],"predecessor-version":[{"id":22251,"href":"https:\/\/primariachitila.ro\/new\/wp-json\/wp\/v2\/pages\/22200\/revisions\/22251"}],"wp:attachment":[{"href":"https:\/\/primariachitila.ro\/new\/wp-json\/wp\/v2\/media?parent=22200"}],"curies":[{"name":"wp","href":"https:\/\/api.w.org\/{rel}","templated":true}]}}