{"id":32019,"date":"2025-11-25T07:14:34","date_gmt":"2025-11-25T07:14:34","guid":{"rendered":"https:\/\/primariachitila.ro\/new\/?page_id=32019"},"modified":"2025-11-25T07:21:59","modified_gmt":"2025-11-25T07:21:59","slug":"regulament-adopta-un-copac","status":"publish","type":"page","link":"https:\/\/primariachitila.ro\/new\/regulament-adopta-un-copac\/","title":{"rendered":"Regulament Adopt\u0103 un Copac"},"content":{"rendered":"\t\t<div data-elementor-type=\"wp-page\" data-elementor-id=\"32019\" class=\"elementor elementor-32019\">\n\t\t\t\t<div class=\"elementor-element elementor-element-fc884fe e-flex e-con-boxed e-con e-parent\" data-id=\"fc884fe\" data-element_type=\"container\" data-e-type=\"container\">\n\t\t\t\t\t<div class=\"e-con-inner\">\n\t\t\t\t<div class=\"elementor-element elementor-element-a873c45 elementor-widget elementor-widget-heading\" data-id=\"a873c45\" data-element_type=\"widget\" data-e-type=\"widget\" data-widget_type=\"heading.default\">\n\t\t\t\t<div class=\"elementor-widget-container\">\n\t\t\t\t\t<h2 class=\"elementor-heading-title elementor-size-default\">REGULAMENTUL CAMPANIEI \u201eADOPT\u0102 UN COPAC \u2013 CHITILA\u201d<\/h2>\t\t\t\t<\/div>\n\t\t\t\t<\/div>\n\t\t\t\t\t<\/div>\n\t\t\t\t<\/div>\n\t\t<div class=\"elementor-element elementor-element-235664e e-flex e-con-boxed e-con e-parent\" data-id=\"235664e\" data-element_type=\"container\" data-e-type=\"container\">\n\t\t\t\t\t<div class=\"e-con-inner\">\n\t\t\t\t<div class=\"elementor-element elementor-element-38ccc0c elementor-widget elementor-widget-text-editor\" data-id=\"38ccc0c\" data-element_type=\"widget\" data-e-type=\"widget\" data-widget_type=\"text-editor.default\">\n\t\t\t\t<div class=\"elementor-widget-container\">\n\t\t\t\t\t\t\t\t\t<h2 data-start=\"265\" data-end=\"291\"><strong data-start=\"268\" data-end=\"291\">1. Scopul campaniei<\/strong><\/h2><p data-start=\"292\" data-end=\"456\">Campania \u201eAdopt\u0103 un Copac \u2013 Chitila\u201d are ca obiectiv implicarea comunit\u0103\u021bii \u00een \u00eengrijirea spa\u021biilor verzi \u0219i formarea unui ora\u0219 mai curat, mai s\u0103n\u0103tos \u0219i mai verde.<\/p>\t\t\t\t\t\t\t\t<\/div>\n\t\t\t\t<\/div>\n\t\t\t\t\t<\/div>\n\t\t\t\t<\/div>\n\t\t<div class=\"elementor-element elementor-element-4e1dc61 e-flex e-con-boxed e-con e-parent\" data-id=\"4e1dc61\" data-element_type=\"container\" data-e-type=\"container\">\n\t\t\t\t\t<div class=\"e-con-inner\">\n\t\t\t\t<div class=\"elementor-element elementor-element-daf9333 elementor-widget elementor-widget-text-editor\" data-id=\"daf9333\" data-element_type=\"widget\" data-e-type=\"widget\" data-widget_type=\"text-editor.default\">\n\t\t\t\t<div class=\"elementor-widget-container\">\n\t\t\t\t\t\t\t\t\t<h2 data-start=\"463\" data-end=\"499\"><strong data-start=\"466\" data-end=\"499\">2. Cine poate adopta un copac<\/strong><\/h2><p data-start=\"500\" data-end=\"520\">Pot adopta un copac:<\/p><ul data-start=\"521\" data-end=\"641\"><li data-start=\"521\" data-end=\"563\"><p data-start=\"523\" data-end=\"563\">Persoane fizice (copii, p\u0103rin\u021bi, bunici)<\/p><\/li><li data-start=\"564\" data-end=\"573\"><p data-start=\"566\" data-end=\"573\">Familii<\/p><\/li><li data-start=\"574\" data-end=\"590\"><p data-start=\"576\" data-end=\"590\">Clase \u0219i \u0219coli<\/p><\/li><li data-start=\"591\" data-end=\"623\"><p data-start=\"593\" data-end=\"623\">Asocia\u021bii, funda\u021bii \u0219i ONG-uri<\/p><\/li><li data-start=\"624\" data-end=\"641\"><p data-start=\"626\" data-end=\"641\">Companii locale<\/p><\/li><\/ul><p data-start=\"643\" data-end=\"737\">Adop\u021bia este <strong data-start=\"656\" data-end=\"668\">gratuit\u0103<\/strong> \u0219i se face prin completarea formularului oficial disponibil pe site.<\/p>\t\t\t\t\t\t\t\t<\/div>\n\t\t\t\t<\/div>\n\t\t\t\t\t<\/div>\n\t\t\t\t<\/div>\n\t\t<div class=\"elementor-element elementor-element-ae8c40a e-flex e-con-boxed e-con e-parent\" data-id=\"ae8c40a\" data-element_type=\"container\" data-e-type=\"container\">\n\t\t\t\t\t<div class=\"e-con-inner\">\n\t\t\t\t<div class=\"elementor-element elementor-element-7eb4e51 elementor-widget elementor-widget-text-editor\" data-id=\"7eb4e51\" data-element_type=\"widget\" data-e-type=\"widget\" data-widget_type=\"text-editor.default\">\n\t\t\t\t<div class=\"elementor-widget-container\">\n\t\t\t\t\t\t\t\t\t<h2 data-start=\"744\" data-end=\"773\"><strong data-start=\"747\" data-end=\"773\">3. Cum se face adop\u021bia<\/strong><\/h2><ol data-start=\"774\" data-end=\"1053\"><li data-start=\"855\" data-end=\"926\"><p data-start=\"858\" data-end=\"926\">Completezi formularul online \u0219i prime\u0219ti codul copacului adoptat.<\/p><\/li><li data-start=\"927\" data-end=\"987\"><p data-start=\"930\" data-end=\"987\">Prime\u0219ti <strong data-start=\"939\" data-end=\"966\">Certificatul de Adop\u021bie<\/strong> \u00een format digital.<\/p><\/li><li data-start=\"988\" data-end=\"1053\"><p data-start=\"991\" data-end=\"1053\">Numele adoptatorului poate ap\u0103rea pe harta public\u0103 (op\u021bional).<\/p><\/li><li data-start=\"988\" data-end=\"1053\">Dup\u0103 finalizarea procedurii online, pute\u021bi veni la <strong data-start=\"533\" data-end=\"562\">Prim\u0103ria Ora\u0219ului Chitila<\/strong> pentru a v\u0103 ridica eticheta oficial\u0103, care trebuie ata\u0219at\u0103 la copacul adoptat.<\/li><\/ol>\t\t\t\t\t\t\t\t<\/div>\n\t\t\t\t<\/div>\n\t\t\t\t\t<\/div>\n\t\t\t\t<\/div>\n\t\t<div class=\"elementor-element elementor-element-5913621 e-flex e-con-boxed e-con e-parent\" data-id=\"5913621\" data-element_type=\"container\" data-e-type=\"container\">\n\t\t\t\t\t<div class=\"e-con-inner\">\n\t\t\t\t<div class=\"elementor-element elementor-element-18e0820 elementor-widget elementor-widget-text-editor\" data-id=\"18e0820\" data-element_type=\"widget\" data-e-type=\"widget\" data-widget_type=\"text-editor.default\">\n\t\t\t\t<div class=\"elementor-widget-container\">\n\t\t\t\t\t\t\t\t\t<h2 data-start=\"1060\" data-end=\"1102\"><strong data-start=\"1063\" data-end=\"1102\">4. Responsabilit\u0103\u021bile adoptatorului<\/strong><\/h2><p data-start=\"1103\" data-end=\"1152\">Prin adoptarea unui copac, adoptatorul \u00ee\u0219i asum\u0103:<\/p><p data-start=\"1155\" data-end=\"1218\">\ud83d\udd39 S\u0103 ude copacul \u00een perioadele secetoase\u00a0<\/p><p data-start=\"1221\" data-end=\"1283\">\ud83d\udd39 S\u0103 anun\u021be deterior\u0103rile (g\u0103rdule\u021be, protec\u021bii, vandalism)<\/p><p data-start=\"1286\" data-end=\"1327\">\ud83d\udd39 S\u0103 nu deterioreze zona verde din jur<\/p><p data-start=\"1330\" data-end=\"1393\">\ud83d\udd39 S\u0103 protejeze copacul de lovituri, autovehicule sau animale<\/p><p data-start=\"1396\" data-end=\"1452\">\ud83d\udd39 S\u0103 respecte spa\u021biul public \u0219i reglement\u0103rile locale<\/p><p data-start=\"1454\" data-end=\"1554\">Adoptatorul <strong data-start=\"1466\" data-end=\"1488\">nu este proprietar<\/strong> asupra copacului, ci doar un sprijin pentru dezvoltarea acestuia.<\/p>\t\t\t\t\t\t\t\t<\/div>\n\t\t\t\t<\/div>\n\t\t\t\t\t<\/div>\n\t\t\t\t<\/div>\n\t\t<div class=\"elementor-element elementor-element-1fb409f e-flex e-con-boxed e-con e-parent\" data-id=\"1fb409f\" data-element_type=\"container\" data-e-type=\"container\">\n\t\t\t\t\t<div class=\"e-con-inner\">\n\t\t\t\t<div class=\"elementor-element elementor-element-f2d14d1 elementor-widget elementor-widget-text-editor\" data-id=\"f2d14d1\" data-element_type=\"widget\" data-e-type=\"widget\" data-widget_type=\"text-editor.default\">\n\t\t\t\t<div class=\"elementor-widget-container\">\n\t\t\t\t\t\t\t\t\t<h2 data-start=\"1871\" data-end=\"1903\"><strong data-start=\"1874\" data-end=\"1903\">5. \u00centre\u021binerea copacilor<\/strong><\/h2><p data-start=\"1904\" data-end=\"1938\">Prim\u0103ria \u0219i echipele responsabile:<\/p><ul data-start=\"1939\" data-end=\"2099\"><li data-start=\"1939\" data-end=\"2006\"><p data-start=\"1941\" data-end=\"2006\">Asigur\u0103 plantarea, \u00eentre\u021binerea de baz\u0103 \u0219i protejarea copacilor<\/p><\/li><li data-start=\"2007\" data-end=\"2052\"><p data-start=\"2009\" data-end=\"2052\">Monitorizeaz\u0103 starea general\u0103 a copacilor<\/p><\/li><li data-start=\"2053\" data-end=\"2099\"><p data-start=\"2055\" data-end=\"2099\">Intervin \u00een caz de urgen\u021b\u0103 sau deteriorare<\/p><\/li><\/ul><p data-start=\"2101\" data-end=\"2167\">Adoptatorii ofer\u0103 <strong data-start=\"2119\" data-end=\"2141\">suport suplimentar<\/strong>, nu \u00eentre\u021binere complet\u0103.<\/p>\t\t\t\t\t\t\t\t<\/div>\n\t\t\t\t<\/div>\n\t\t\t\t\t<\/div>\n\t\t\t\t<\/div>\n\t\t<div class=\"elementor-element elementor-element-d79b07b e-flex e-con-boxed e-con e-parent\" data-id=\"d79b07b\" data-element_type=\"container\" data-e-type=\"container\">\n\t\t\t\t\t<div class=\"e-con-inner\">\n\t\t\t\t<div class=\"elementor-element elementor-element-77e5069 elementor-widget elementor-widget-text-editor\" data-id=\"77e5069\" data-element_type=\"widget\" data-e-type=\"widget\" data-widget_type=\"text-editor.default\">\n\t\t\t\t<div class=\"elementor-widget-container\">\n\t\t\t\t\t\t\t\t\t<h2 data-start=\"2322\" data-end=\"2349\"><strong data-start=\"2325\" data-end=\"2349\">6.Situa\u021bii speciale<\/strong><\/h2><p data-start=\"2350\" data-end=\"2397\">Se pot realoca adop\u021biile \u00een urm\u0103toarele cazuri:<\/p><ul data-start=\"2398\" data-end=\"2552\"><li data-start=\"2398\" data-end=\"2435\"><p data-start=\"2400\" data-end=\"2435\">dac\u0103 un copac este degradat sever<\/p><\/li><li data-start=\"2436\" data-end=\"2489\"><p data-start=\"2438\" data-end=\"2489\">dac\u0103 adoptatorul nu mai poate continua \u00eengrijirea<\/p><\/li><li data-start=\"2490\" data-end=\"2552\"><p data-start=\"2492\" data-end=\"2552\">dac\u0103 apar schimb\u0103ri \u00een zonele verzi (lucr\u0103ri, reloc\u0103ri etc.)<\/p><\/li><\/ul>\t\t\t\t\t\t\t\t<\/div>\n\t\t\t\t<\/div>\n\t\t\t\t\t<\/div>\n\t\t\t\t<\/div>\n\t\t<div class=\"elementor-element elementor-element-a4a2dad e-flex e-con-boxed e-con e-parent\" data-id=\"a4a2dad\" data-element_type=\"container\" data-e-type=\"container\">\n\t\t\t\t\t<div class=\"e-con-inner\">\n\t\t\t\t<div class=\"elementor-element elementor-element-c4887c3 elementor-widget elementor-widget-text-editor\" data-id=\"c4887c3\" data-element_type=\"widget\" data-e-type=\"widget\" data-widget_type=\"text-editor.default\">\n\t\t\t\t<div class=\"elementor-widget-container\">\n\t\t\t\t\t\t\t\t\t<h2 data-start=\"2559\" data-end=\"2588\"><strong data-start=\"2562\" data-end=\"2588\">7.Prelucrarea datelor<\/strong><\/h2><p data-start=\"2589\" data-end=\"2672\">Prin completarea formularului, adoptatorul \u00ee\u0219i exprim\u0103 acordul ca datele furnizate:<\/p><ul data-start=\"2673\" data-end=\"2849\"><li data-start=\"2673\" data-end=\"2723\"><p data-start=\"2675\" data-end=\"2723\">s\u0103 fie folosite pentru emiterea certificatului<\/p><\/li><li data-start=\"2724\" data-end=\"2785\"><p data-start=\"2726\" data-end=\"2785\">s\u0103 fie afi\u0219ate pe hart\u0103 (doar nume \u0219i prenume \/ op\u021bional)<\/p><\/li><li data-start=\"2786\" data-end=\"2849\"><p data-start=\"2788\" data-end=\"2849\">s\u0103 intre \u00een baza de date pentru comunic\u0103ri legate de campanie<\/p><\/li><\/ul>\t\t\t\t\t\t\t\t<\/div>\n\t\t\t\t<\/div>\n\t\t\t\t\t<\/div>\n\t\t\t\t<\/div>\n\t\t<div class=\"elementor-element elementor-element-eda31e3 e-flex e-con-boxed e-con e-parent\" data-id=\"eda31e3\" data-element_type=\"container\" data-e-type=\"container\">\n\t\t\t\t\t<div class=\"e-con-inner\">\n\t\t\t\t<div class=\"elementor-element elementor-element-fc0e2d3 elementor-widget elementor-widget-text-editor\" data-id=\"fc0e2d3\" data-element_type=\"widget\" data-e-type=\"widget\" data-widget_type=\"text-editor.default\">\n\t\t\t\t<div class=\"elementor-widget-container\">\n\t\t\t\t\t\t\t\t\t<h2 data-start=\"2856\" data-end=\"2884\"><strong data-start=\"2859\" data-end=\"2884\">8.Dispozi\u021bii finale<\/strong><\/h2><p data-start=\"2885\" data-end=\"3039\">Participarea la campanie reprezint\u0103 acceptarea prezentului regulament.<br data-start=\"2955\" data-end=\"2958\" \/>Organizatorii \u00ee\u0219i rezerv\u0103 dreptul de a actualiza regulamentul, dac\u0103 este necesar.<\/p>\t\t\t\t\t\t\t\t<\/div>\n\t\t\t\t<\/div>\n\t\t\t\t\t<\/div>\n\t\t\t\t<\/div>\n\t\t\t\t<\/div>\n\t\t","protected":false},"excerpt":{"rendered":"<p>REGULAMENTUL CAMPANIEI \u201eADOPT\u0102 UN COPAC \u2013 CHITILA\u201d 1. Scopul campaniei Campania \u201eAdopt\u0103 un Copac \u2013 Chitila\u201d are ca obiectiv implicarea comunit\u0103\u021bii \u00een \u00eengrijirea spa\u021biilor verzi \u0219i formarea unui ora\u0219 mai curat, mai s\u0103n\u0103tos \u0219i mai verde. 2. Cine poate adopta un copac Pot adopta un copac: Persoane fizice (copii, p\u0103rin\u021bi, bunici) Familii Clase \u0219i \u0219coli [&hellip;]<\/p>\n","protected":false},"author":2,"featured_media":0,"parent":0,"menu_order":0,"comment_status":"closed","ping_status":"closed","template":"","meta":{"footnotes":""},"class_list":["post-32019","page","type-page","status-publish","hentry"],"_links":{"self":[{"href":"https:\/\/primariachitila.ro\/new\/wp-json\/wp\/v2\/pages\/32019","targetHints":{"allow":["GET"]}}],"collection":[{"href":"https:\/\/primariachitila.ro\/new\/wp-json\/wp\/v2\/pages"}],"about":[{"href":"https:\/\/primariachitila.ro\/new\/wp-json\/wp\/v2\/types\/page"}],"author":[{"embeddable":true,"href":"https:\/\/primariachitila.ro\/new\/wp-json\/wp\/v2\/users\/2"}],"replies":[{"embeddable":true,"href":"https:\/\/primariachitila.ro\/new\/wp-json\/wp\/v2\/comments?post=32019"}],"version-history":[{"count":4,"href":"https:\/\/primariachitila.ro\/new\/wp-json\/wp\/v2\/pages\/32019\/revisions"}],"predecessor-version":[{"id":32025,"href":"https:\/\/primariachitila.ro\/new\/wp-json\/wp\/v2\/pages\/32019\/revisions\/32025"}],"wp:attachment":[{"href":"https:\/\/primariachitila.ro\/new\/wp-json\/wp\/v2\/media?parent=32019"}],"curies":[{"name":"wp","href":"https:\/\/api.w.org\/{rel}","templated":true}]}}